{"id":10,"date":"2023-06-12T09:32:30","date_gmt":"2023-06-12T02:32:30","guid":{"rendered":"http:\/\/elite.crv.vn\/?page_id=10"},"modified":"2023-08-01T09:04:18","modified_gmt":"2023-08-01T02:04:18","slug":"bao-phi-dich-vu","status":"publish","type":"page","link":"https:\/\/lawfirmelite.com\/vi\/bao-phi-dich-vu\/","title":{"rendered":"B\u00e1o ph\u00ed d\u1ecbch v\u1ee5"},"content":{"rendered":"<div id=\"pl-10\"  class=\"panel-layout\" ><div id=\"pg-10-0\"  class=\"panel-grid panel-no-style\" ><div id=\"pgc-10-0-0\"  class=\"panel-grid-cell\" ><div id=\"panel-10-0-0-0\" class=\"so-panel widget widget_black-studio-tinymce widget_black_studio_tinymce panel-first-child panel-last-child\" data-index=\"0\" ><div class=\"textwidget\"><p><img loading=\"lazy\" decoding=\"async\" class=\"aligncenter wp-image-8535 size-full\" src=\"https:\/\/lawfirmelite.com\/vi\/wp-content\/uploads\/2023\/08\/lien-he-tu-van.png\" alt=\"\" width=\"1600\" height=\"500\" srcset=\"https:\/\/lawfirmelite.com\/vi\/wp-content\/uploads\/2023\/08\/lien-he-tu-van.png 1600w, https:\/\/lawfirmelite.com\/vi\/wp-content\/uploads\/2023\/08\/lien-he-tu-van-768x240.png 768w, https:\/\/lawfirmelite.com\/vi\/wp-content\/uploads\/2023\/08\/lien-he-tu-van-1536x480.png 1536w\" sizes=\"(max-width: 1600px) 100vw, 1600px\" \/><\/p>\n<p><em>Qu\u00fd kh\u00e1ch h\u00e0ng vui l\u00f2ng cho ch\u00fang t\u00f4i bi\u1ebft th\u00f4ng tin chi ti\u1ebft n\u1ed9i dung mu\u1ed1n t\u01b0 v\u1ea5n b\u1eb1ng c\u00e1ch \u0111i\u1ec1n th\u00f4ng tin v\u00e0o bi\u1ec3u m\u1eabu b\u00ean d\u01b0\u1edbi \u0111\u1ec3 ch\u00fang t\u00f4i c\u00f3 th\u1ec3 t\u01b0 v\u1ea5n nhanh ch\u00f3ng v\u00e0 ch\u00ednh x\u00e1c v\u1edbi nhu c\u1ea7u c\u1ee7a Qu\u00fd kh\u00e1ch.<\/em><\/p>\n<\/div><\/div><\/div><\/div><div id=\"pg-10-1\"  class=\"panel-grid panel-no-style\" ><div id=\"pgc-10-1-0\"  class=\"panel-grid-cell\" ><div id=\"panel-10-1-0-0\" class=\"so-panel widget widget_black-studio-tinymce widget_black_studio_tinymce panel-first-child panel-last-child\" data-index=\"1\" ><div class=\"textwidget\"><p style=\"text-align: center;\">\n<div class=\"wpcf7 no-js\" id=\"wpcf7-f4-o1\" lang=\"vi\" dir=\"ltr\">\n<div class=\"screen-reader-response\"><p role=\"status\" aria-live=\"polite\" aria-atomic=\"true\"><\/p> <ul><\/ul><\/div>\n<form action=\"\/vi\/wp-json\/wp\/v2\/pages\/10#wpcf7-f4-o1\" method=\"post\" class=\"wpcf7-form init\" aria-label=\"Form li\u00ean h\u1ec7\" novalidate=\"novalidate\" data-status=\"init\">\n<div style=\"display: none;\">\n<input type=\"hidden\" name=\"_wpcf7\" value=\"4\" \/>\n<input type=\"hidden\" name=\"_wpcf7_version\" value=\"5.9.7\" \/>\n<input type=\"hidden\" name=\"_wpcf7_locale\" value=\"vi\" \/>\n<input type=\"hidden\" name=\"_wpcf7_unit_tag\" value=\"wpcf7-f4-o1\" \/>\n<input type=\"hidden\" name=\"_wpcf7_container_post\" value=\"0\" \/>\n<input type=\"hidden\" name=\"_wpcf7_posted_data_hash\" value=\"\" \/>\n<input type=\"hidden\" name=\"_wpcf7_recaptcha_response\" value=\"\" \/>\n<\/div>\n<div class=\"list_group\">\n\t<p><span class=\"wpcf7-form-control-wrap\" data-name=\"your-name\"><input size=\"40\" maxlength=\"400\" class=\"wpcf7-form-control wpcf7-text wpcf7-validates-as-required\" aria-required=\"true\" aria-invalid=\"false\" placeholder=\"H\u1ecd v\u00e0 t\u00ean c\u1ee7a b\u1ea1n\" value=\"\" type=\"text\" name=\"your-name\" \/><\/span>\n\t<\/p>\n<\/div>\n<div class=\"list_group\">\n\t<p><span class=\"wpcf7-form-control-wrap\" data-name=\"your-email\"><input size=\"40\" maxlength=\"400\" class=\"wpcf7-form-control wpcf7-email wpcf7-validates-as-required wpcf7-text wpcf7-validates-as-email\" aria-required=\"true\" aria-invalid=\"false\" placeholder=\"\u0110\u1ecba ch\u1ec9 email c\u1ee7a b\u1ea1n\" value=\"\" type=\"email\" name=\"your-email\" \/><\/span>\n\t<\/p>\n<\/div>\n<div class=\"list_group\">\n\t<p><span class=\"wpcf7-form-control-wrap\" data-name=\"tel-279\"><input size=\"40\" maxlength=\"400\" class=\"wpcf7-form-control wpcf7-tel wpcf7-text wpcf7-validates-as-tel\" aria-invalid=\"false\" placeholder=\"S\u1ed1 \u0111i\u1ec7n tho\u1ea1i c\u1ee7a b\u1ea1n (kh\u00f4ng b\u1eaft bu\u1ed9c)\" value=\"\" type=\"tel\" name=\"tel-279\" \/><\/span>\n\t<\/p>\n<\/div>\n<div class=\"list_group\">\n\t<p><span class=\"wpcf7-form-control-wrap\" data-name=\"your-message\"><textarea cols=\"40\" rows=\"10\" maxlength=\"2000\" class=\"wpcf7-form-control wpcf7-textarea\" aria-invalid=\"false\" placeholder=\"1. H\u00e3y ch\u1ecdn y\u00eau c\u1ea7u b\u00e1o ph\u00ed t\u1ea1i b\u1ea3ng d\u01b0\u1edbi \u0111\u00e2y 2. C\u00e1c y\u00eau c\u1ea7u c\u1ee5 th\u1ec3 kh\u00e1c\" name=\"your-message\"><\/textarea><\/span>\n\t<\/p>\n<\/div>\n<div class=\"list_group\">\n\t<p><span class=\"wpcf7-form-control-wrap\" data-name=\"Loidchv\"><span class=\"wpcf7-form-control wpcf7-checkbox\"><span class=\"wpcf7-list-item first\"><label><span class=\"wpcf7-list-item-label\">1. \u0110\u0103ng k\u00fd s\u00e1ng ch\u1ebf<\/span><input type=\"checkbox\" name=\"Loidchv[]\" value=\"1. \u0110\u0103ng k\u00fd s\u00e1ng ch\u1ebf\" \/><\/label><\/span><span class=\"wpcf7-list-item\"><label><span class=\"wpcf7-list-item-label\">2. \u0110\u0103ng k\u00fd nh\u00e3n hi\u1ec7u<\/span><input type=\"checkbox\" name=\"Loidchv[]\" value=\"2. \u0110\u0103ng k\u00fd nh\u00e3n hi\u1ec7u\" \/><\/label><\/span><span class=\"wpcf7-list-item\"><label><span class=\"wpcf7-list-item-label\">3. \u0110\u0103ng k\u00fd ki\u1ec3u d\u00e1ng c\u00f4ng nghi\u1ec7p<\/span><input type=\"checkbox\" name=\"Loidchv[]\" value=\"3. \u0110\u0103ng k\u00fd ki\u1ec3u d\u00e1ng c\u00f4ng nghi\u1ec7p\" \/><\/label><\/span><span class=\"wpcf7-list-item\"><label><span class=\"wpcf7-list-item-label\">4. \u0110\u0103ng k\u00fd b\u1ea3n quy\u1ec1n t\u00e1c gi\u1ea3<\/span><input type=\"checkbox\" name=\"Loidchv[]\" value=\"4. \u0110\u0103ng k\u00fd b\u1ea3n quy\u1ec1n t\u00e1c gi\u1ea3\" \/><\/label><\/span><span class=\"wpcf7-list-item last\"><label><span class=\"wpcf7-list-item-label\">5. X\u1eed l\u00fd x\u00e2m ph\u1ea1m nh\u00e3n hi\u1ec7u\/ki\u1ec3u d\u00e1ng\/s\u00e1ng ch\u1ebf\/b\u1ea3n quy\u1ec1n SHTT<\/span><input type=\"checkbox\" name=\"Loidchv[]\" value=\"5. X\u1eed l\u00fd x\u00e2m ph\u1ea1m nh\u00e3n hi\u1ec7u\/ki\u1ec3u d\u00e1ng\/s\u00e1ng ch\u1ebf\/b\u1ea3n quy\u1ec1n SHTT\" \/><\/label><\/span><\/span><\/span>\n\t<\/p>\n<\/div>\n<div class=\"list_group\">\n\t<p><input class=\"wpcf7-form-control wpcf7-submit has-spinner\" type=\"submit\" value=\"G\u1eedi\" \/>\n\t<\/p>\n<\/div>\n<div class=\"list_group\">\n\n<\/div><div class=\"wpcf7-response-output\" aria-hidden=\"true\"><\/div>\n<\/form>\n<\/div>\n<\/p>\n<\/div><\/div><\/div><\/div><\/div>","protected":false},"excerpt":{"rendered":"<p>Qu\u00fd kh\u00e1ch h\u00e0ng vui l\u00f2ng cho ch\u00fang t\u00f4i bi\u1ebft th\u00f4ng tin chi ti\u1ebft n\u1ed9i dung mu\u1ed1n t\u01b0 v\u1ea5n b\u1eb1ng c\u00e1ch \u0111i\u1ec1n th\u00f4ng tin v\u00e0o bi\u1ec3u m\u1eabu b\u00ean d\u01b0\u1edbi \u0111\u1ec3 ch\u00fang t\u00f4i c\u00f3 th\u1ec3 t\u01b0 v\u1ea5n nhanh ch\u00f3ng v\u00e0 ch\u00ednh x\u00e1c v\u1edbi nhu c\u1ea7u c\u1ee7a Qu\u00fd kh\u00e1ch.<\/p>\n","protected":false},"author":1,"featured_media":0,"parent":0,"menu_order":32,"comment_status":"closed","ping_status":"closed","template":"page-template-lienhe.php","meta":{"_monsterinsights_skip_tracking":false,"_monsterinsights_sitenote_active":false,"_monsterinsights_sitenote_note":"","_monsterinsights_sitenote_category":0,"footnotes":""},"class_list":["post-10","page","type-page","status-publish","hentry"],"_links":{"self":[{"href":"https:\/\/lawfirmelite.com\/vi\/wp-json\/wp\/v2\/pages\/10"}],"collection":[{"href":"https:\/\/lawfirmelite.com\/vi\/wp-json\/wp\/v2\/pages"}],"about":[{"href":"https:\/\/lawfirmelite.com\/vi\/wp-json\/wp\/v2\/types\/page"}],"author":[{"embeddable":true,"href":"https:\/\/lawfirmelite.com\/vi\/wp-json\/wp\/v2\/users\/1"}],"replies":[{"embeddable":true,"href":"https:\/\/lawfirmelite.com\/vi\/wp-json\/wp\/v2\/comments?post=10"}],"version-history":[{"count":6,"href":"https:\/\/lawfirmelite.com\/vi\/wp-json\/wp\/v2\/pages\/10\/revisions"}],"predecessor-version":[{"id":8537,"href":"https:\/\/lawfirmelite.com\/vi\/wp-json\/wp\/v2\/pages\/10\/revisions\/8537"}],"wp:attachment":[{"href":"https:\/\/lawfirmelite.com\/vi\/wp-json\/wp\/v2\/media?parent=10"}],"curies":[{"name":"wp","href":"https:\/\/api.w.org\/{rel}","templated":true}]}}