{"id":12,"date":"2023-02-17T11:05:23","date_gmt":"2023-02-17T04:05:23","guid":{"rendered":"http:\/\/elite.crv.vn\/?page_id=12"},"modified":"2023-04-06T10:14:02","modified_gmt":"2023-04-06T03:14:02","slug":"tuyen-dung","status":"publish","type":"page","link":"https:\/\/lawfirmelite.com\/vi\/tuyen-dung\/","title":{"rendered":"Tuy\u1ec3n d\u1ee5ng"},"content":{"rendered":"<div id=\"pl-12\"  class=\"panel-layout\" ><div id=\"pg-12-0\"  class=\"panel-grid panel-has-style\" ><div class=\"gioithieuchung panel-row-style panel-row-style-for-12-0\" ><div id=\"pgc-12-0-0\"  class=\"panel-grid-cell\" ><div id=\"panel-12-0-0-0\" class=\"so-panel widget widget_siteorigin-panels-builder panel-first-child panel-last-child\" data-index=\"0\" ><div class=\"container panel-widget-style panel-widget-style-for-12-0-0-0\" ><div id=\"pl-w642e38fa48b88\"  class=\"panel-layout\" ><div id=\"pg-w642e38fa48b88-0\"  class=\"panel-grid panel-no-style\" ><div id=\"pgc-w642e38fa48b88-0-0\"  class=\"panel-grid-cell\" ><div id=\"panel-w642e38fa48b88-0-0-0\" class=\"so-panel widget widget_media_image panel-first-child panel-last-child\" data-index=\"0\" ><a href=\"https:\/\/lawfirmelite.com\/vi\/category\/tuyen-dung\/\"><img loading=\"lazy\" decoding=\"async\" width=\"424\" height=\"278\" src=\"https:\/\/lawfirmelite.com\/vi\/wp-content\/uploads\/2023\/02\/careers_img.jpg\" class=\"image wp-image-6847  attachment-full size-full\" alt=\"\" style=\"max-width: 100%; height: auto;\" \/><\/a><\/div><\/div><div id=\"pgc-w642e38fa48b88-0-1\"  class=\"panel-grid-cell\" ><div id=\"panel-w642e38fa48b88-0-1-0\" class=\"so-panel widget widget_sow-editor panel-first-child panel-last-child\" data-index=\"1\" ><div class=\"text_custom panel-widget-style panel-widget-style-for-w642e38fa48b88-0-1-0\" ><div\n\t\t\t\n\t\t\tclass=\"so-widget-sow-editor so-widget-sow-editor-base\"\n\t\t\t\n\t\t><div class=\"widget-title\"><span>Tuy\u1ec3n D\u1ee5ng<\/span><\/div>\n<div class=\"siteorigin-widget-tinymce textwidget\">\n\t<p><span style=\"font-family: arial, helvetica, sans-serif;\"><strong><span style=\"color: #891d1f;\">ELITE Law Firm<\/span><\/strong> hi\u1ec7n t\u1ea1i \u0111ang l\u00e0 ng\u00f4i nh\u00e0 c\u1ee7a \u0111\u1ed9i ng\u0169 c\u00e1c c\u00e1 nh\u00e2n t\u00e0i n\u0103ng \u0111\u1ec1n t\u1eeb nhi\u1ec1u ng\u00e0nh h\u1ecdc, n\u1ec1n t\u1ea3ng chuy\u00ean m\u00f4n v\u00e0 kinh nghi\u1ec7m l\u00e0m vi\u1ec7c \u0111a d\u1ea1ng.<\/span><\/p>\n<p><span style=\"font-family: arial, helvetica, sans-serif;\">Ch\u00fang t\u00f4i tin r\u1eb1ng, b\u1eb1ng c\u00e1ch duy tr\u00ec m\u00f4i tr\u01b0\u1eddng l\u00e0m vi\u1ec7c tuy\u1ec7t v\u1eddi cho c\u00e1c chuy\u00ean gia v\u00e0 chuy\u00ean vi\u00ean, ch\u00fang t\u00f4i s\u1ebd c\u00f3 th\u1ec3 cung c\u1ea5p cho kh\u00e1ch h\u00e0ng d\u1ecbch v\u1ee5 t\u1ed1t nh\u1ea5t. Ch\u00ednh v\u00ec v\u1eady, ch\u00fang t\u00f4i \u0111ang t\u00ecm ki\u1ebfm c\u00e1c \u1ee9ng vi\u00ean c\u00f3 th\u1ec3 \u0111\u00f3ng g\u00f3p v\u00e0o b\u1ea7u kh\u00f4ng kh\u00ed l\u00e0m vi\u1ec7c th\u00e2n thi\u1ec7n v\u00e0 n\u0103ng \u0111\u1ed9ng c\u1ee7a \u0111\u1ed9i ng\u0169 ch\u00fang t\u00f4i, \u0111\u01b0\u1ee3c x\u00e2y d\u1ef1ng tr\u00ean \u0111\u1ed9ng l\u1ef1c v\u00e0 t\u1eadp trung v\u00e0o s\u1ef1 tin t\u01b0\u1edfng v\u00e0 s\u1ef1 b\u1ec1n v\u1eefng.<\/span><\/p>\n<p><span style=\"font-family: arial, helvetica, sans-serif;\">N\u1ebfu b\u1ea1n l\u00e0 m\u1ed9t lu\u1eadt s\u01b0 t\u00e0i n\u0103ng v\u00e0 \u0111\u1ea7y nhi\u1ec7t huy\u1ebft ho\u1eb7c \u0111ang t\u00ecm ki\u1ebfm m\u1ed9t v\u1ecb tr\u00ed h\u1ed7 tr\u1ee3 trong m\u1ed9t m\u00f4i tr\u01b0\u1eddng l\u00e0m vi\u1ec7c \u0111\u1ea7y th\u1eed th\u00e1ch v\u00e0 t\u1eadp th\u1ec3, h\u00e3y g\u1eedi cho ch\u00fang t\u00f4i th\u01b0 gi\u1edbi thi\u1ec7u v\u00e0 s\u01a1 y\u1ebfu l\u00fd l\u1ecbch \u0111\u1ec3 th\u1ea3o lu\u1eadn v\u1ec1 c\u01a1 h\u1ed9i l\u00e0m vi\u1ec7c t\u1ea1i c\u00f4ng ty c\u1ee7a ch\u00fang t\u00f4i.<\/span><\/p>\n<p><span style=\"font-family: arial, helvetica, sans-serif;\">N\u1ebfu b\u1ea1n quan t\u00e2m \u0111\u1ebfn vi\u1ec7c theo \u0111u\u1ed5i s\u1ef1 nghi\u1ec7p t\u1ea1i ELITE Law Firm, h\u00e3y g\u1eedi th\u01b0 gi\u1edbi thi\u1ec7u v\u00e0 s\u01a1 y\u1ebfu l\u00fd l\u1ecbch \u0111\u1ebfn B\u1ed9 ph\u1eadn Nh\u00e2n s\u1ef1 (info@lawfirmelite.com\/vi) v\u00e0 ch\u00fang t\u00f4i s\u1ebd li\u00ean h\u1ec7 v\u1edbi b\u1ea1n.<\/span><\/p>\n<p><span style=\"font-family: arial, helvetica, sans-serif;\">N\u1ebfu b\u1ea1n c\u00f3 b\u1ea5t k\u1ef3 c\u00e2u h\u1ecfi n\u00e0o li\u00ean quan \u0111\u1ebfn c\u01a1 h\u1ed9i vi\u1ec7c l\u00e0m c\u1ee7a ch\u00fang t\u00f4i, xin \u0111\u1eebng ng\u1ea7n ng\u1ea1i li\u00ean h\u1ec7 v\u1edbi ch\u00fang t\u00f4i.<\/span><\/p>\n<\/div>\n<\/div><\/div><\/div><\/div><\/div><\/div><\/div><\/div><\/div><\/div><\/div><\/div>","protected":false},"excerpt":{"rendered":"<p>Tuy\u1ec3n D\u1ee5ng ELITE Law Firm hi\u1ec7n t\u1ea1i \u0111ang l\u00e0 ng\u00f4i nh\u00e0 c\u1ee7a \u0111\u1ed9i ng\u0169 c\u00e1c c\u00e1 nh\u00e2n t\u00e0i n\u0103ng \u0111\u1ec1n t\u1eeb nhi\u1ec1u ng\u00e0nh h\u1ecdc, n\u1ec1n t\u1ea3ng chuy\u00ean m\u00f4n v\u00e0 kinh nghi\u1ec7m l\u00e0m vi\u1ec7c \u0111a d\u1ea1ng. Ch\u00fang t\u00f4i tin r\u1eb1ng, b\u1eb1ng c\u00e1ch duy tr\u00ec m\u00f4i tr\u01b0\u1eddng l\u00e0m vi\u1ec7c tuy\u1ec7t v\u1eddi cho c\u00e1c chuy\u00ean gia v\u00e0 chuy\u00ean vi\u00ean, ch\u00fang t\u00f4i s\u1ebd c\u00f3 [&hellip;]<\/p>\n","protected":false},"author":1,"featured_media":0,"parent":0,"menu_order":30,"comment_status":"closed","ping_status":"closed","template":"page-template-gioithieu.php","meta":{"_monsterinsights_skip_tracking":false,"_monsterinsights_sitenote_active":false,"_monsterinsights_sitenote_note":"","_monsterinsights_sitenote_category":0,"footnotes":""},"class_list":["post-12","page","type-page","status-publish","hentry"],"_links":{"self":[{"href":"https:\/\/lawfirmelite.com\/vi\/wp-json\/wp\/v2\/pages\/12"}],"collection":[{"href":"https:\/\/lawfirmelite.com\/vi\/wp-json\/wp\/v2\/pages"}],"about":[{"href":"https:\/\/lawfirmelite.com\/vi\/wp-json\/wp\/v2\/types\/page"}],"author":[{"embeddable":true,"href":"https:\/\/lawfirmelite.com\/vi\/wp-json\/wp\/v2\/users\/1"}],"replies":[{"embeddable":true,"href":"https:\/\/lawfirmelite.com\/vi\/wp-json\/wp\/v2\/comments?post=12"}],"version-history":[{"count":6,"href":"https:\/\/lawfirmelite.com\/vi\/wp-json\/wp\/v2\/pages\/12\/revisions"}],"predecessor-version":[{"id":5235,"href":"https:\/\/lawfirmelite.com\/vi\/wp-json\/wp\/v2\/pages\/12\/revisions\/5235"}],"wp:attachment":[{"href":"https:\/\/lawfirmelite.com\/vi\/wp-json\/wp\/v2\/media?parent=12"}],"curies":[{"name":"wp","href":"https:\/\/api.w.org\/{rel}","templated":true}]}}