{"id":184,"date":"2018-05-14T04:11:35","date_gmt":"2018-05-14T04:11:35","guid":{"rendered":"http:\/\/elite.crv.vn\/?page_id=184"},"modified":"2021-06-16T03:11:21","modified_gmt":"2021-06-16T03:11:21","slug":"gioi-thieu-chung-elite-law-firm","status":"publish","type":"page","link":"https:\/\/lawfirmelite.com\/vi\/tuyen-dung\/gioi-thieu-chung-elite-law-firm\/","title":{"rendered":"Gi\u1edbi thi\u1ec7u chung"},"content":{"rendered":"<p style=\"text-align: justify;\"><span style=\"font-family: arial, helvetica, sans-serif; font-size: 16px;\"><span style=\"color: #993300;\"><strong>C\u00f4ng ty Lu\u1eadt TNHH ELITE (ELITE LAW FIRM)<\/strong><\/span> l\u00e0 m\u1ed9t \u0111\u01a1n v\u1ecb cung c\u1ea5p d\u1ecbch v\u1ee5 ph\u00e1p l\u00fd chuy\u00ean nghi\u1ec7p, c\u00f3 ch\u1ea5t l\u01b0\u1ee3ng chuy\u00ean m\u00f4n cao trong l\u0129nh v\u1ef1c b\u1ea3o h\u1ed9 quy\u1ec1n s\u1edf h\u1eefu tr\u00ed tu\u1ec7 v\u00e0 ph\u00e1p lu\u1eadt kinh doanh t\u1ea1i Vi\u1ec7t Nam. \u0110\u1ed3ng th\u1eddi, th\u00f4ng qua m\u1ea1ng l\u01b0\u1edbi c\u00e1c Lu\u1eadt s\u01b0 c\u1ed9ng s\u1ef1 qu\u1ed1c t\u1ebf c\u1ee7a m\u00ecnh, <strong><span style=\"color: #993300;\">ELITE LAW FIRM<\/span> <\/strong>c\u00f2n cung c\u1ea5p d\u1ecbch v\u1ee5 chuy\u00ean nghi\u1ec7p trong vi\u1ec7c \u0111\u0103ng k\u00fd b\u1ea3o h\u1ed9 v\u00e0 th\u1ef1c thi quy\u1ec1n s\u1edf h\u1eefu tr\u00ed tu\u1ec7 t\u1ea1i nhi\u1ec1u qu\u1ed1c gia tr\u00ean to\u00e0n th\u1ebf gi\u1edbi nh\u01b0 L\u00e0o, Campuchia, Myanmar, Th\u00e1i Lan, Singapore, Malaysia, Indonesia, Philippines, Brunei, Trung Qu\u1ed1c, H\u1ed3ng K\u00f4ng, \u0110\u00e0i Loan, Nh\u1eadt B\u1ea3n, H\u00e0n Qu\u1ed1c, Australia, New Zealand, \u1ea4n \u0110\u1ed9, Pakistan, Hoa K\u1ef3, Canada, Cu-ba, Nga, \u0110\u1ee9c, Anh, Ph\u00e1p v\u00e0 c\u00e1c n\u01b0\u1edbc thu\u1ed9c C\u1ed9ng \u0111\u1ed3ng chung Ch\u00e2u \u00c2u (EU), v.v\u2026<\/span><\/p>\n<p>&nbsp;<\/p>\n<p style=\"text-align: justify;\"><span style=\"font-family: arial, helvetica, sans-serif; font-size: 16px;\"><img loading=\"lazy\" decoding=\"async\" class=\"alignnone size-full wp-image-405\" src=\"http:\/\/elite.crv.vn\/wp-content\/uploads\/2018\/05\/law-firm-rochester.jpg\" alt=\"\" width=\"1170\" height=\"435\" srcset=\"https:\/\/lawfirmelite.com\/vi\/wp-content\/uploads\/2018\/05\/law-firm-rochester.jpg 1170w, https:\/\/lawfirmelite.com\/vi\/wp-content\/uploads\/2018\/05\/law-firm-rochester-768x286.jpg 768w\" sizes=\"(max-width: 1170px) 100vw, 1170px\" \/><\/span><\/p>\n<p>&nbsp;<\/p>\n<p style=\"text-align: justify;\"><span style=\"font-family: arial, helvetica, sans-serif; font-size: 16px;\">\u0110\u1eb7t m\u00ecnh v\u00e0o v\u1ecb tr\u00ed c\u1ee7a kh\u00e1ch h\u00e0ng gi\u00fap cho ch\u00fang t\u00f4i hi\u1ec3u \u0111\u01b0\u1ee3c c\u00f4ng vi\u1ec7c\u00a0kinh doanh c\u1ee7a\u00a0kh\u00e1ch h\u00e0ng \u0111\u1ec3 \u0111\u01b0a ra nh\u1eefng gi\u1ea3i ph\u00e1p hi\u1ec7u qu\u1ea3, ti\u1ebft ki\u1ec7m chi ph\u00ed nh\u1ea5t cho t\u1eebng v\u1ea5n\u00a0\u0111\u1ec1 ph\u00e1p l\u00fd m\u00e0 kh\u00e1ch h\u00e0ng g\u1eb7p ph\u1ea3i. V\u1edbi s\u1ef1 am hi\u1ec3u s\u00e2u s\u1eafc v\u1ec1 v\u0103n h\u00f3a b\u1ea3n \u0111\u1ecba, tr\u00ecnh \u0111\u1ed9 ph\u00e1t tri\u1ec3n kinh t\u1ebf v\u00e0 th\u1ef1c ti\u1ec5n \u00e1p d\u1ee5ng ph\u00e1p lu\u1eadt t\u1ea1i t\u1eebng qu\u1ed1c gia, <span style=\"color: #993300;\"><strong>ELITE LAW FIRM<\/strong><\/span> lu\u00f4n cam k\u1ebft cung c\u1ea5p d\u1ecbch v\u1ee5 ph\u00e1p lu\u1eadt chuy\u00ean nghi\u1ec7p, hi\u1ec7u qu\u1ea3, ti\u1ebft ki\u1ec7m chi ph\u00ed nh\u1eb1m t\u1ed1i \u0111a h\u00f3a l\u1ee3i \u00edch, n\u00e2ng cao t\u00ednh c\u1ea1nh tranh trong kinh doanh, ph\u00f2ng ng\u1eeba m\u1ecdi r\u1ee7i ro ph\u00e1p l\u00fd v\u00e0 \u0111em \u0111\u1ebfn th\u00e0nh c\u00f4ng trong kinh doanh cho kh\u00e1ch h\u00e0ng.<\/span><\/p>\n<p style=\"text-align: justify;\"><span style=\"font-family: arial, helvetica, sans-serif; font-size: 16px;\">Trong su\u1ed1t qu\u00e1 tr\u00ecnh h\u00ecnh th\u00e0nh v\u00e0 ph\u00e1t tri\u1ec3n, v\u1edbi 20 n\u0103m kinh nghi\u1ec7m ngh\u1ec1 nghi\u1ec7p, ch\u00fang t\u00f4i t\u1ef1 h\u00e0o l\u00e0 \u0110\u1ea1i di\u1ec7n ph\u00e1p lu\u1eadt v\u1ec1 s\u1edf h\u1eefu tr\u00ed tu\u1ec7 cho nhi\u1ec1u T\u1eadp \u0111o\u00e0n \u0111a qu\u1ed1c gia c\u0169ng nh\u01b0 c\u00e1c kh\u00e1ch h\u00e0ng uy t\u00edn trong v\u00e0 ngo\u00e0i n\u01b0\u1edbc, ti\u00eau bi\u1ec3u nh\u01b0 LG CORP., LG ELECTRONICS, The Wonderful Company, LG HOUSEHOLD &amp; HEALTH CARE LTD., THEFACESHOP CO. LTD., M&amp;K Holdings Inc., Dong-A Pencil Co, SmileGate Inc., Romanson Co., Ltd., C\u00f4ng ty c\u1ed5 ph\u1ea7n t\u1eadp \u0111o\u00e0n ATA, L\u1ea9u N\u1ea5m Gia Kh\u00e1nh, C\u00f4ng ty c\u1ed5 ph\u1ea7n c\u01a1 \u0111i\u1ec7n To\u00e0n C\u1ea7u (TOMECO), C\u00f4ng ty TNHH MTV d\u1ea7u kh\u00ed \u0110\u1ed3ng Th\u00e1p, C\u00f4ng ty TNHH Th\u01b0\u01a1ng m\u1ea1i v\u00e0 v\u1eadn t\u1ea3i Th\u00e1i T\u00e2n, C\u00f4ng ty TNHH qu\u1ed1c t\u1ebf Sakura Vi\u1ec7t Nam, C\u00f4ng ty c\u1ed5 ph\u1ea7n tr\u01b0\u1eddng qu\u1ed1c t\u1ebf EDUVIET, C\u00f4ng ty c\u1ed5 ph\u1ea7n th\u01b0\u01a1ng m\u1ea1i v\u00e0 d\u01b0\u1ee3c ph\u1ea9m \u0110\u00f4ng Nam \u00c1, v.v. \u00a0<\/span><\/p>\n<p><span style=\"color: #ff6600;\"><em><strong>\u201c\u0110em \u0111\u1ebfn Th\u00e0nh c\u00f4ng, Hi\u1ec7u qu\u1ea3 v\u00e0 An to\u00e0n cho Kh\u00e1ch h\u00e0ng l\u00e0 S\u1ee9 m\u1ec7nh v\u00e0 M\u1ee5c ti\u00eau t\u1ed1i th\u01b0\u1ee3ng c\u1ee7a ELITE LAW FIRM.\u201d<\/strong><\/em><\/span><\/p>\n<p>&nbsp;<\/p>\n<p><strong><span style=\"color: #ff6600;\">D\u01b0\u1edbi \u0111\u00e2y l\u00e0 c\u00e1c B\u1eb1ng \u0111\u1ed9c quy\u1ec1n Nh\u00e3n hi\u1ec7u c\u1ee7a <a href=\"https:\/\/lawfirmelite.com\/vi\">ELITE LAW FIRM<\/a>\u00a0<\/span><\/strong><\/p>\n<p><img loading=\"lazy\" decoding=\"async\" class=\"alignleft wp-image-3006\" src=\"https:\/\/lawfirmelite.com\/vi\/wp-content\/uploads\/2021\/06\/MF0548.-Giay-chung-nhan-dang-ky-nhan-hieu.-21.12.20_page-0001.jpg\" alt=\"v\u1ec1 Elite Law Firm\" width=\"391\" height=\"552\" srcset=\"https:\/\/lawfirmelite.com\/vi\/wp-content\/uploads\/2021\/06\/MF0548.-Giay-chung-nhan-dang-ky-nhan-hieu.-21.12.20_page-0001.jpg 1242w, https:\/\/lawfirmelite.com\/vi\/wp-content\/uploads\/2021\/06\/MF0548.-Giay-chung-nhan-dang-ky-nhan-hieu.-21.12.20_page-0001-768x1085.jpg 768w\" sizes=\"(max-width: 391px) 100vw, 391px\" \/> <img loading=\"lazy\" decoding=\"async\" class=\"wp-image-3007 alignright\" src=\"https:\/\/lawfirmelite.com\/vi\/wp-content\/uploads\/2021\/06\/MF0548.-Giay-chung-nhan-dang-ky-nhan-hieu.-21.12.20_page-0002.jpg\" alt=\"\" width=\"396\" height=\"560\" srcset=\"https:\/\/lawfirmelite.com\/vi\/wp-content\/uploads\/2021\/06\/MF0548.-Giay-chung-nhan-dang-ky-nhan-hieu.-21.12.20_page-0002.jpg 1242w, https:\/\/lawfirmelite.com\/vi\/wp-content\/uploads\/2021\/06\/MF0548.-Giay-chung-nhan-dang-ky-nhan-hieu.-21.12.20_page-0002-768x1085.jpg 768w\" sizes=\"(max-width: 396px) 100vw, 396px\" \/> <img loading=\"lazy\" decoding=\"async\" class=\"alignleft wp-image-3009\" src=\"https:\/\/lawfirmelite.com\/vi\/wp-content\/uploads\/2021\/06\/Gi\u1ea5y-ch\u1ee9ng-nh\u1eadn-nh\u00e3n-hi\u1ec7u-elite_page-0001.jpg\" alt=\"v\u1ec1 Elite Law Firm\" width=\"384\" height=\"532\" srcset=\"https:\/\/lawfirmelite.com\/vi\/wp-content\/uploads\/2021\/06\/Gi\u1ea5y-ch\u1ee9ng-nh\u1eadn-nh\u00e3n-hi\u1ec7u-elite_page-0001.jpg 1263w, https:\/\/lawfirmelite.com\/vi\/wp-content\/uploads\/2021\/06\/Gi\u1ea5y-ch\u1ee9ng-nh\u1eadn-nh\u00e3n-hi\u1ec7u-elite_page-0001-768x1064.jpg 768w\" sizes=\"(max-width: 384px) 100vw, 384px\" \/> <img loading=\"lazy\" decoding=\"async\" class=\" wp-image-3010 alignleft\" src=\"https:\/\/lawfirmelite.com\/vi\/wp-content\/uploads\/2021\/06\/Gi\u1ea5y-ch\u1ee9ng-nh\u1eadn-nh\u00e3n-hi\u1ec7u-elite_page-0002.jpg\" alt=\"\" width=\"384\" height=\"531\" srcset=\"https:\/\/lawfirmelite.com\/vi\/wp-content\/uploads\/2021\/06\/Gi\u1ea5y-ch\u1ee9ng-nh\u1eadn-nh\u00e3n-hi\u1ec7u-elite_page-0002.jpg 1263w, https:\/\/lawfirmelite.com\/vi\/wp-content\/uploads\/2021\/06\/Gi\u1ea5y-ch\u1ee9ng-nh\u1eadn-nh\u00e3n-hi\u1ec7u-elite_page-0002-768x1064.jpg 768w\" sizes=\"(max-width: 384px) 100vw, 384px\" \/><\/p>\n","protected":false},"excerpt":{"rendered":"<p>C\u00f4ng ty Lu\u1eadt TNHH ELITE (ELITE LAW FIRM) l\u00e0 m\u1ed9t \u0111\u01a1n v\u1ecb cung c\u1ea5p d\u1ecbch v\u1ee5 ph\u00e1p l\u00fd chuy\u00ean nghi\u1ec7p, c\u00f3 ch\u1ea5t l\u01b0\u1ee3ng chuy\u00ean m\u00f4n cao trong l\u0129nh v\u1ef1c b\u1ea3o h\u1ed9 quy\u1ec1n s\u1edf h\u1eefu tr\u00ed tu\u1ec7 v\u00e0 ph\u00e1p lu\u1eadt kinh doanh t\u1ea1i Vi\u1ec7t Nam. \u0110\u1ed3ng th\u1eddi, th\u00f4ng qua m\u1ea1ng l\u01b0\u1edbi c\u00e1c Lu\u1eadt s\u01b0 c\u1ed9ng s\u1ef1 qu\u1ed1c t\u1ebf c\u1ee7a m\u00ecnh, ELITE [&hellip;]<\/p>\n","protected":false},"author":1,"featured_media":0,"parent":12,"menu_order":16,"comment_status":"closed","ping_status":"closed","template":"","meta":{"_monsterinsights_skip_tracking":false,"_monsterinsights_sitenote_active":false,"_monsterinsights_sitenote_note":"","_monsterinsights_sitenote_category":0,"footnotes":""},"class_list":["post-184","page","type-page","status-publish","hentry"],"_links":{"self":[{"href":"https:\/\/lawfirmelite.com\/vi\/wp-json\/wp\/v2\/pages\/184"}],"collection":[{"href":"https:\/\/lawfirmelite.com\/vi\/wp-json\/wp\/v2\/pages"}],"about":[{"href":"https:\/\/lawfirmelite.com\/vi\/wp-json\/wp\/v2\/types\/page"}],"author":[{"embeddable":true,"href":"https:\/\/lawfirmelite.com\/vi\/wp-json\/wp\/v2\/users\/1"}],"replies":[{"embeddable":true,"href":"https:\/\/lawfirmelite.com\/vi\/wp-json\/wp\/v2\/comments?post=184"}],"version-history":[{"count":5,"href":"https:\/\/lawfirmelite.com\/vi\/wp-json\/wp\/v2\/pages\/184\/revisions"}],"predecessor-version":[{"id":3012,"href":"https:\/\/lawfirmelite.com\/vi\/wp-json\/wp\/v2\/pages\/184\/revisions\/3012"}],"up":[{"embeddable":true,"href":"https:\/\/lawfirmelite.com\/vi\/wp-json\/wp\/v2\/pages\/12"}],"wp:attachment":[{"href":"https:\/\/lawfirmelite.com\/vi\/wp-json\/wp\/v2\/media?parent=184"}],"curies":[{"name":"wp","href":"https:\/\/api.w.org\/{rel}","templated":true}]}}