{"id":297,"date":"2023-09-06T14:56:04","date_gmt":"2023-09-06T07:56:04","guid":{"rendered":"http:\/\/elite.crv.vn\/?page_id=297"},"modified":"2023-09-06T15:10:28","modified_gmt":"2023-09-06T08:10:28","slug":"about-us","status":"publish","type":"page","link":"https:\/\/lawfirmelite.com\/vi\/en\/about-us\/","title":{"rendered":"About us"},"content":{"rendered":"<div id=\"pl-297\"  class=\"panel-layout\" ><div id=\"pg-297-0\"  class=\"panel-grid panel-has-style\" ><div class=\"gioithieuchung panel-row-style panel-row-style-for-297-0\" ><div id=\"pgc-297-0-0\"  class=\"panel-grid-cell\" ><div id=\"panel-297-0-0-0\" class=\"so-panel widget widget_siteorigin-panels-builder panel-first-child panel-last-child\" data-index=\"0\" ><div class=\"container panel-widget-style panel-widget-style-for-297-0-0-0\" ><div id=\"pl-w6487c9fe7480b\"  class=\"panel-layout\" ><div id=\"pg-w6487c9fe7480b-0\"  class=\"panel-grid panel-no-style\" ><div id=\"pgc-w6487c9fe7480b-0-0\"  class=\"panel-grid-cell\" ><div id=\"panel-w6487c9fe7480b-0-0-0\" class=\"so-panel widget widget_black-studio-tinymce widget_black_studio_tinymce panel-first-child\" data-index=\"0\" ><div class=\"textwidget\"><p><img loading=\"lazy\" decoding=\"async\" class=\"aligncenter wp-image-7069 size-full\" src=\"https:\/\/lawfirmelite.com\/vi\/wp-content\/uploads\/2023\/03\/about-us.png\" alt=\"\" width=\"3200\" height=\"1000\" srcset=\"https:\/\/lawfirmelite.com\/vi\/wp-content\/uploads\/2023\/03\/about-us.png 3200w, https:\/\/lawfirmelite.com\/vi\/wp-content\/uploads\/2023\/03\/about-us-768x240.png 768w, https:\/\/lawfirmelite.com\/vi\/wp-content\/uploads\/2023\/03\/about-us-1536x480.png 1536w, https:\/\/lawfirmelite.com\/vi\/wp-content\/uploads\/2023\/03\/about-us-2048x640.png 2048w\" sizes=\"(max-width: 3200px) 100vw, 3200px\" \/><\/p>\n<\/div><\/div><div id=\"panel-w6487c9fe7480b-0-0-1\" class=\"so-panel widget widget_black-studio-tinymce widget_black_studio_tinymce panel-last-child\" data-index=\"1\" ><div class=\"text_custom panel-widget-style panel-widget-style-for-w6487c9fe7480b-0-0-1\" ><div class=\"widget-title\"><span>About us<\/span><\/div><div class=\"textwidget\"><p><strong>OUR VISION, MISSIONS, CORE VALUES<\/strong><\/p>\n<p><strong>Our goal is to become the leading law firm in Vietnam in resolving IP rights infringement.\u00a0We were born to assist our esteemed Clients in Doing Success Business by Registering their Intellectual property rights Securely and Resolving IP Rights disputes Quickly based on our 06 core Values: Integrity, Empathy, Responsibility, Carefulness, Determination and Learning \u2013 Creativity.<\/strong><\/p>\n<\/div><\/div><\/div><\/div><\/div><\/div><\/div><\/div><\/div><\/div><\/div><div id=\"pg-297-1\"  class=\"panel-grid panel-has-style\" ><div class=\"sodo_nhansu panel-row-style panel-row-style-for-297-1\" ><div id=\"pgc-297-1-0\"  class=\"panel-grid-cell\" ><div id=\"panel-297-1-0-0\" class=\"so-panel widget widget_siteorigin-panels-builder panel-first-child panel-last-child\" data-index=\"1\" ><div id=\"pl-w64f833f4170ee\"  class=\"panel-layout\" ><div id=\"pg-w64f833f4170ee-0\"  class=\"panel-grid panel-has-style\" ><div class=\"doingu_luatsu panel-row-style panel-row-style-for-w64f833f4170ee-0\" ><div id=\"pgc-w64f833f4170ee-0-0\"  class=\"panel-grid-cell\" ><div id=\"panel-w64f833f4170ee-0-0-0\" class=\"widget_text so-panel widget widget_custom_html panel-first-child panel-last-child\" data-index=\"0\" ><div class=\"widget_text container panel-widget-style panel-widget-style-for-w64f833f4170ee-0-0-0\" ><div class=\"widget-title\"><span>Our Professionals<\/span><\/div><div class=\"textwidget custom-html-widget\">                        <div class=\"nhansu_template row\">        <div class=\"nhansu_item col-xs-12 col-sm-4 col-md-20\">\n            <div class=\"content_item\">\n                                    <figure class=\"featured-thumbnail thumbnail\">\n                        <a href=\"https:\/\/lawfirmelite.com\/vi\/nhan-su\/hoang-thanh-hong\/\" title=\"Ho\u00e0ng Thanh H\u1ed3ng\">\n                            <img loading=\"lazy\" decoding=\"async\" alt=\"Ho\u00e0ng Thanh H\u1ed3ng\" width=\"300\" height=\"300\" src=\"https:\/\/lawfirmelite.com\/vi\/wp-content\/uploads\/2001\/01\/Chi-Hong-1-300x300.png\" \/>\n                        <\/a>\n                    <\/figure>\n                                <div class=\"nhansu_meta\">\n                    <div class=\"post-list_h\"><a class=\"post-title\" href=\"https:\/\/lawfirmelite.com\/vi\/nhan-su\/hoang-thanh-hong\/\" rel=\"bookmark\" title=\"Ho\u00e0ng Thanh H\u1ed3ng\">Ho\u00e0ng Thanh H\u1ed3ng<\/a><\/div>\n                                    <\/div>\n            <\/div>\n        <\/div>\n            <div class=\"nhansu_item col-xs-12 col-sm-4 col-md-20\">\n            <div class=\"content_item\">\n                                    <figure class=\"featured-thumbnail thumbnail\">\n                        <a href=\"https:\/\/lawfirmelite.com\/vi\/en\/nhan-su\/ms-hoang-thanh-hong\/\" title=\"\">\n                            <img loading=\"lazy\" decoding=\"async\" alt=\"\" width=\"300\" height=\"300\" src=\"https:\/\/lawfirmelite.com\/vi\/wp-content\/uploads\/2001\/01\/Chi-Hong-1-300x300.png\" \/>\n                        <\/a>\n                    <\/figure>\n                                <div class=\"nhansu_meta\">\n                    <div class=\"post-list_h\"><a class=\"post-title\" href=\"https:\/\/lawfirmelite.com\/vi\/en\/nhan-su\/ms-hoang-thanh-hong\/\" rel=\"bookmark\" title=\"\"><\/a><\/div>\n                                    <\/div>\n            <\/div>\n        <\/div>\n            <div class=\"nhansu_item col-xs-12 col-sm-4 col-md-20\">\n            <div class=\"content_item\">\n                                    <figure class=\"featured-thumbnail thumbnail\">\n                        <a href=\"https:\/\/lawfirmelite.com\/vi\/nhan-su\/thuy-linh\/\" title=\"Tr\u1ea7n Th\u00f9y Linh\">\n                            <img loading=\"lazy\" decoding=\"async\" alt=\"Tr\u1ea7n Th\u00f9y Linh\" width=\"300\" height=\"300\" src=\"https:\/\/lawfirmelite.com\/vi\/wp-content\/uploads\/2001\/01\/Chi-Linh-1-300x300.png\" \/>\n                        <\/a>\n                    <\/figure>\n                                <div class=\"nhansu_meta\">\n                    <div class=\"post-list_h\"><a class=\"post-title\" href=\"https:\/\/lawfirmelite.com\/vi\/nhan-su\/thuy-linh\/\" rel=\"bookmark\" title=\"Tr\u1ea7n Th\u00f9y Linh\">Tr\u1ea7n Th\u00f9y Linh<\/a><\/div>\n                    <div class=\"vitri\">Chuy\u00ean vi\u00ean Nh\u00e3n hi\u1ec7u & KDCN<\/div>                <\/div>\n            <\/div>\n        <\/div>\n            <div class=\"nhansu_item col-xs-12 col-sm-4 col-md-20\">\n            <div class=\"content_item\">\n                                    <figure class=\"featured-thumbnail thumbnail\">\n                        <a href=\"https:\/\/lawfirmelite.com\/vi\/en\/nhan-su\/ms-tran-thuy-linh\/\" title=\"\">\n                            <img loading=\"lazy\" decoding=\"async\" alt=\"\" width=\"300\" height=\"300\" src=\"https:\/\/lawfirmelite.com\/vi\/wp-content\/uploads\/2001\/01\/Chi-Linh-1-300x300.png\" \/>\n                        <\/a>\n                    <\/figure>\n                                <div class=\"nhansu_meta\">\n                    <div class=\"post-list_h\"><a class=\"post-title\" href=\"https:\/\/lawfirmelite.com\/vi\/en\/nhan-su\/ms-tran-thuy-linh\/\" rel=\"bookmark\" title=\"\"><\/a><\/div>\n                                    <\/div>\n            <\/div>\n        <\/div>\n            <div class=\"nhansu_item col-xs-12 col-sm-4 col-md-20\">\n            <div class=\"content_item\">\n                                    <figure class=\"featured-thumbnail thumbnail\">\n                        <a href=\"https:\/\/lawfirmelite.com\/vi\/nhan-su\/ls-nguyen-tran-tuyen\/\" title=\"Lu\u1eadt s\u01b0. Nguy\u1ec5n Tr\u1ea7n Tuy\u00ean\">\n                            <img loading=\"lazy\" decoding=\"async\" alt=\"Lu\u1eadt s\u01b0. Nguy\u1ec5n Tr\u1ea7n Tuy\u00ean\" width=\"300\" height=\"300\" src=\"https:\/\/lawfirmelite.com\/vi\/wp-content\/uploads\/2023\/03\/Anh-Tuyen-300x300.png\" \/>\n                        <\/a>\n                    <\/figure>\n                                <div class=\"nhansu_meta\">\n                    <div class=\"post-list_h\"><a class=\"post-title\" href=\"https:\/\/lawfirmelite.com\/vi\/nhan-su\/ls-nguyen-tran-tuyen\/\" rel=\"bookmark\" title=\"Lu\u1eadt s\u01b0. Nguy\u1ec5n Tr\u1ea7n Tuy\u00ean\">Lu\u1eadt s\u01b0. Nguy\u1ec5n Tr\u1ea7n Tuy\u00ean<\/a><\/div>\n                                    <\/div>\n            <\/div>\n        <\/div>\n    <\/div><div class=\"view_all\"><a href=\"https:\/\/lawfirmelite.com\/vi\/our-professionals\/\">Xem t\u1ea5t c\u1ea3<\/a><\/div><\/div><\/div><\/div><\/div><\/div><\/div><\/div><\/div><\/div><\/div><\/div><div id=\"pg-297-2\"  class=\"panel-grid panel-has-style\" ><div class=\"nguyentac panel-row-style panel-row-style-for-297-2\" ><div id=\"pgc-297-2-0\"  class=\"panel-grid-cell\" ><div id=\"panel-297-2-0-0\" class=\"so-panel widget widget_siteorigin-panels-builder panel-first-child panel-last-child\" data-index=\"2\" ><div class=\"container panel-widget-style panel-widget-style-for-297-2-0-0\" ><div id=\"pl-w6487c9fe7712f\"  class=\"panel-layout\" ><div id=\"pg-w6487c9fe7712f-0\"  class=\"panel-grid panel-no-style\" ><div id=\"pgc-w6487c9fe7712f-0-0\"  class=\"panel-grid-cell\" ><div id=\"panel-w6487c9fe7712f-0-0-0\" class=\"so-panel widget widget_black-studio-tinymce widget_black_studio_tinymce panel-first-child panel-last-child\" data-index=\"0\" ><div class=\"text_custom panel-widget-style panel-widget-style-for-w6487c9fe7712f-0-0-0\" ><div class=\"widget-title\"><span>OUR CORE VALUES AND COMMITMENTS <\/span><\/div><div class=\"textwidget\"><\/div><\/div><\/div><\/div><\/div><div id=\"pg-w6487c9fe7712f-1\"  class=\"panel-grid panel-no-style\" ><div id=\"pgc-w6487c9fe7712f-1-0\"  class=\"panel-grid-cell\" ><div id=\"panel-w6487c9fe7712f-1-0-0\" class=\"so-panel widget widget_media_image panel-first-child panel-last-child\" data-index=\"1\" ><a href=\"https:\/\/lawfirmelite.com\/vi\/order-now\/\"><img loading=\"lazy\" decoding=\"async\" width=\"1133\" height=\"597\" src=\"https:\/\/lawfirmelite.com\/vi\/wp-content\/uploads\/2022\/09\/images3-1.png\" class=\"image wp-image-5239  attachment-full size-full\" alt=\"\" style=\"max-width: 100%; height: auto;\" srcset=\"https:\/\/lawfirmelite.com\/vi\/wp-content\/uploads\/2022\/09\/images3-1.png 1133w, https:\/\/lawfirmelite.com\/vi\/wp-content\/uploads\/2022\/09\/images3-1-768x405.png 768w\" sizes=\"(max-width: 1133px) 100vw, 1133px\" \/><\/a><\/div><\/div><\/div><\/div><\/div><\/div><\/div><\/div><\/div><div id=\"pg-297-3\"  class=\"panel-grid panel-has-style\" ><div class=\"vanhoa panel-row-style panel-row-style-for-297-3\" ><div id=\"pgc-297-3-0\"  class=\"panel-grid-cell\" ><div id=\"panel-297-3-0-0\" class=\"so-panel widget widget_siteorigin-panels-builder panel-first-child panel-last-child\" data-index=\"3\" ><div class=\"container panel-widget-style panel-widget-style-for-297-3-0-0\" ><div id=\"pl-w6371b96dcb9bc\"  class=\"panel-layout\" ><div id=\"pg-w6371b96dcb9bc-0\"  class=\"panel-grid panel-no-style\" ><div id=\"pgc-w6371b96dcb9bc-0-0\"  class=\"panel-grid-cell\" ><div id=\"panel-w6371b96dcb9bc-0-0-0\" class=\"so-panel widget widget_black-studio-tinymce widget_black_studio_tinymce panel-first-child panel-last-child\" data-index=\"0\" ><div class=\"text_custom panel-widget-style panel-widget-style-for-w6371b96dcb9bc-0-0-0\" ><div class=\"widget-title\"><span>OUR CULTURE<\/span><\/div><div class=\"textwidget\"><p>The culture of ELITE LAW FIRM emphasizes teamwork, social resposibility, effective communication, and a healthy balance between work and family life. We not only would provide our Clients with excellent services, but also give professional character and personal growth to each member of our Firm.<\/p>\n<\/div><\/div><\/div><\/div><div id=\"pgc-w6371b96dcb9bc-0-1\"  class=\"panel-grid-cell\" ><div id=\"panel-w6371b96dcb9bc-0-1-0\" class=\"widget_text so-panel widget widget_custom_html panel-first-child panel-last-child\" data-index=\"1\" ><div class=\"textwidget custom-html-widget\"><div id=\"creativeslider_5612\"><div class=\"banner_slider_item_1\"><div class=\"content_item\"><div class=\"image_banner\"><div class=\"ajax_image\"><img loading=\"lazy\" decoding=\"async\" src=\"https:\/\/lawfirmelite.com\/vi\/wp-content\/uploads\/2024\/05\/2023-04-03.jpg\" alt=\"Slide v\u0103n h\u00f3a\" width=\"1920\" height=\"2650\"\/><\/div><\/div><\/div><\/div><div class=\"banner_slider_item_2\"><div class=\"content_item\"><div class=\"image_banner\"><div class=\"ajax_image\"><img loading=\"lazy\" decoding=\"async\" src=\"https:\/\/lawfirmelite.com\/vi\/wp-content\/uploads\/2024\/05\/2023-03-13.png\" alt=\"Slide v\u0103n h\u00f3a\" width=\"1920\" height=\"2650\"\/><\/div><\/div><\/div><\/div><div class=\"banner_slider_item_3\"><div class=\"content_item\"><div class=\"image_banner\"><div class=\"ajax_image\"><img loading=\"lazy\" decoding=\"async\" src=\"https:\/\/lawfirmelite.com\/vi\/wp-content\/uploads\/2024\/05\/2022-12-19.png\" alt=\"Slide v\u0103n h\u00f3a\" width=\"1920\" height=\"2650\"\/><\/div><\/div><\/div><\/div><div class=\"banner_slider_item_4\"><div class=\"content_item\"><div class=\"image_banner\"><div class=\"ajax_image\"><img loading=\"lazy\" decoding=\"async\" src=\"https:\/\/lawfirmelite.com\/vi\/wp-content\/uploads\/2024\/05\/2024-04-14.jpg\" alt=\"Slide v\u0103n h\u00f3a\" width=\"1920\" height=\"2650\"\/><\/div><\/div><\/div><\/div><div class=\"banner_slider_item_5\"><div class=\"content_item\"><div class=\"image_banner\"><div class=\"ajax_image\"><img loading=\"lazy\" decoding=\"async\" src=\"https:\/\/lawfirmelite.com\/vi\/wp-content\/uploads\/2024\/05\/2024-04-14-2.jpg\" alt=\"Slide v\u0103n h\u00f3a\" width=\"1920\" height=\"2650\"\/><\/div><\/div><\/div><\/div><div class=\"banner_slider_item_6\"><div class=\"content_item\"><div class=\"image_banner\"><div class=\"ajax_image\"><img loading=\"lazy\" decoding=\"async\" src=\"https:\/\/lawfirmelite.com\/vi\/wp-content\/uploads\/2023\/08\/Anh-3.jpg\" alt=\"Slide v\u0103n h\u00f3a\" width=\"1920\" height=\"2650\"\/><\/div><\/div><\/div><\/div><div class=\"banner_slider_item_7\"><div class=\"content_item\"><div class=\"image_banner\"><div class=\"ajax_image\"><img loading=\"lazy\" decoding=\"async\" src=\"https:\/\/lawfirmelite.com\/vi\/wp-content\/uploads\/2022\/09\/z3717954164812_36467c51f3f734e89f74e4eddf7e78e0-scaled.jpg\" alt=\"Slide v\u0103n h\u00f3a\" width=\"1920\" height=\"2650\"\/><\/div><\/div><\/div><\/div><div class=\"banner_slider_item_8\"><div class=\"content_item\"><div class=\"image_banner\"><div class=\"ajax_image\"><img loading=\"lazy\" decoding=\"async\" src=\"https:\/\/lawfirmelite.com\/vi\/wp-content\/uploads\/2022\/09\/APAA-2019.-Farewell-Banquet-of-our-Table-No.-76-Nov.12.2019-1.jpg\" alt=\"Slide v\u0103n h\u00f3a\" width=\"1920\" height=\"2650\"\/><\/div><\/div><\/div><\/div><div class=\"banner_slider_item_9\"><div class=\"content_item\"><div class=\"image_banner\"><div class=\"ajax_image\"><img loading=\"lazy\" decoding=\"async\" src=\"https:\/\/lawfirmelite.com\/vi\/wp-content\/uploads\/2022\/09\/2f0d27f0-e267-4b63-a167-3968965622f5.jpeg\" alt=\"Slide v\u0103n h\u00f3a\" width=\"1920\" height=\"2650\"\/><\/div><\/div><\/div><\/div><div class=\"banner_slider_item_10\"><div class=\"content_item\"><div class=\"image_banner\"><div class=\"ajax_image\"><img loading=\"lazy\" decoding=\"async\" src=\"https:\/\/lawfirmelite.com\/vi\/wp-content\/uploads\/2022\/09\/APAA2019.-Photo-of-IP-Class-mate-Group-at-Grand-Hyatt.09.11.19-1-scaled.jpg\" alt=\"Slide v\u0103n h\u00f3a\" width=\"1920\" height=\"2650\"\/><\/div><\/div><\/div><\/div><\/div>        <\/div><\/div><\/div><\/div><\/div><\/div><\/div><\/div><\/div><\/div><div id=\"pg-297-4\"  class=\"panel-grid panel-has-style\" ><div class=\"thanhtuu panel-row-style panel-row-style-for-297-4\" ><div id=\"pgc-297-4-0\"  class=\"panel-grid-cell\" ><div id=\"panel-297-4-0-0\" class=\"so-panel widget widget_siteorigin-panels-builder panel-first-child panel-last-child\" data-index=\"4\" ><div class=\"container panel-widget-style panel-widget-style-for-297-4-0-0\" ><div id=\"pl-w6371b9b3b349d\"  class=\"panel-layout\" ><div id=\"pg-w6371b9b3b349d-0\"  class=\"panel-grid panel-no-style\" ><div id=\"pgc-w6371b9b3b349d-0-0\"  class=\"panel-grid-cell\" ><div id=\"panel-w6371b9b3b349d-0-0-0\" class=\"so-panel widget widget_black-studio-tinymce widget_black_studio_tinymce panel-first-child panel-last-child\" data-index=\"0\" ><div class=\"text_custom panel-widget-style panel-widget-style-for-w6371b9b3b349d-0-0-0\" ><div class=\"widget-title\"><span>OUR ACHIEVEMENT <\/span><\/div><div class=\"textwidget\"><ul>\n<li><img loading=\"lazy\" decoding=\"async\" class=\"size-full wp-image-4427 alignnone\" src=\"https:\/\/lawfirmelite.com\/vi\/wp-content\/uploads\/2022\/07\/image_thanhtuu.jpg\" alt=\"\" width=\"148\" height=\"131\" \/> ELITE LAW FIRM has been ranked by the prestigious IP magazines as one of the leading prestigious Law Firms in Vietnam on handling IP disputes in the years 2019, 2020, 2021, 2022.<\/li>\n<li><img loading=\"lazy\" decoding=\"async\" class=\"size-full wp-image-4427 alignnone\" src=\"https:\/\/lawfirmelite.com\/vi\/wp-content\/uploads\/2022\/07\/image_thanhtuu.jpg\" alt=\"\" width=\"148\" height=\"131\" \/> Lawyer N.T. Tuyen is\u00a0 honored to be awarded the Trophy \"For the development of Vietnamese Lawyers\" and \u201cTrophy for Defending Justice\u201d by Vietnam Bar Federation and Ha Noi Bar Association in 2018.<\/li>\n<li><img loading=\"lazy\" decoding=\"async\" class=\"alignnone size-full wp-image-4427\" src=\"https:\/\/lawfirmelite.com\/vi\/wp-content\/uploads\/2022\/07\/image_thanhtuu.jpg\" alt=\"\" width=\"148\" height=\"131\" \/> Top 10 representatives filing the most industrial design applications in Vietnam in 2015<\/li>\n<li><img loading=\"lazy\" decoding=\"async\" class=\"alignnone size-full wp-image-4427\" src=\"https:\/\/lawfirmelite.com\/vi\/wp-content\/uploads\/2022\/07\/image_thanhtuu.jpg\" alt=\"\" width=\"148\" height=\"131\" \/> Ranked in the Top 10 prestigious IP Law Firms in Vietnam.<\/li>\n<\/ul>\n<\/div><\/div><\/div><\/div><\/div><div id=\"pg-w6371b9b3b349d-1\"  class=\"panel-grid panel-has-style\" ><div class=\"thanhtuu_noibat panel-row-style panel-row-style-for-w6371b9b3b349d-1\" ><div id=\"pgc-w6371b9b3b349d-1-0\"  class=\"panel-grid-cell\" ><div id=\"panel-w6371b9b3b349d-1-0-0\" class=\"so-panel widget widget_media_image panel-first-child panel-last-child\" data-index=\"1\" ><img loading=\"lazy\" decoding=\"async\" width=\"392\" height=\"114\" src=\"https:\/\/lawfirmelite.com\/vi\/wp-content\/uploads\/2018\/08\/Web-1.jpg\" class=\"image wp-image-1264  attachment-full size-full\" alt=\"\" style=\"max-width: 100%; height: auto;\" \/><\/div><\/div><div id=\"pgc-w6371b9b3b349d-1-1\"  class=\"panel-grid-cell\" ><div id=\"panel-w6371b9b3b349d-1-1-0\" class=\"so-panel widget widget_black-studio-tinymce widget_black_studio_tinymce panel-first-child panel-last-child\" data-index=\"2\" ><div class=\"textwidget\"><p><span style=\"color: #891d1f;\"><strong>WE ARE LISTED ON DIRECTORY OF THE TRADEMARK LAWYER 2018, 2019, 2020, 2021, 2022.<\/strong><\/span><\/p>\n<\/div><\/div><\/div><\/div><\/div><div id=\"pg-w6371b9b3b349d-2\"  class=\"panel-grid panel-has-style\" ><div class=\"thanhtuu_noibat panel-row-style panel-row-style-for-w6371b9b3b349d-2\" ><div id=\"pgc-w6371b9b3b349d-2-0\"  class=\"panel-grid-cell\" ><div id=\"panel-w6371b9b3b349d-2-0-0\" class=\"so-panel widget widget_media_image panel-first-child panel-last-child\" data-index=\"3\" ><img loading=\"lazy\" decoding=\"async\" width=\"2176\" height=\"1552\" src=\"https:\/\/lawfirmelite.com\/vi\/wp-content\/uploads\/2022\/10\/benchmark.png\" class=\"image wp-image-5976  attachment-full size-full\" alt=\"\" style=\"max-width: 100%; height: auto;\" srcset=\"https:\/\/lawfirmelite.com\/vi\/wp-content\/uploads\/2022\/10\/benchmark.png 2176w, https:\/\/lawfirmelite.com\/vi\/wp-content\/uploads\/2022\/10\/benchmark-768x548.png 768w, https:\/\/lawfirmelite.com\/vi\/wp-content\/uploads\/2022\/10\/benchmark-1536x1096.png 1536w, https:\/\/lawfirmelite.com\/vi\/wp-content\/uploads\/2022\/10\/benchmark-2048x1461.png 2048w\" sizes=\"(max-width: 2176px) 100vw, 2176px\" \/><\/div><\/div><div id=\"pgc-w6371b9b3b349d-2-1\"  class=\"panel-grid-cell\" ><div id=\"panel-w6371b9b3b349d-2-1-0\" class=\"so-panel widget widget_black-studio-tinymce widget_black_studio_tinymce panel-first-child panel-last-child\" data-index=\"4\" ><div class=\"textwidget\"><p><span style=\"color: #891d1f;\"><strong>WINNER OF BENCHMARK ASIA-PACIFIC AWARDS 2021 - 2022<\/strong><\/span><\/p>\n<\/div><\/div><\/div><\/div><\/div><div id=\"pg-w6371b9b3b349d-3\"  class=\"panel-grid panel-has-style\" ><div class=\"thanhtuu_noibat panel-row-style panel-row-style-for-w6371b9b3b349d-3\" ><div id=\"pgc-w6371b9b3b349d-3-0\"  class=\"panel-grid-cell\" ><div id=\"panel-w6371b9b3b349d-3-0-0\" class=\"so-panel widget widget_media_image panel-first-child panel-last-child\" data-index=\"5\" ><img loading=\"lazy\" decoding=\"async\" width=\"1061\" height=\"300\" src=\"https:\/\/lawfirmelite.com\/vi\/wp-content\/uploads\/2022\/11\/patent-lawyer-e1668396974233.jpg\" class=\"image wp-image-6249  attachment-full size-full\" alt=\"\" style=\"max-width: 100%; height: auto;\" \/><\/div><\/div><div id=\"pgc-w6371b9b3b349d-3-1\"  class=\"panel-grid-cell\" ><div id=\"panel-w6371b9b3b349d-3-1-0\" class=\"so-panel widget widget_black-studio-tinymce widget_black_studio_tinymce panel-first-child panel-last-child\" data-index=\"6\" ><div class=\"textwidget\"><p><span style=\"color: #891d1f;\"><strong>TOP 10 PATENT FIRM AND IP PRACTICE BY THE PATENT LAWYER MAGAZINE<\/strong><\/span><\/p>\n<p>&nbsp;<\/p>\n<\/div><\/div><\/div><\/div><\/div><div id=\"pg-w6371b9b3b349d-4\"  class=\"panel-grid panel-has-style\" ><div class=\"thanhtuu_noibat panel-row-style panel-row-style-for-w6371b9b3b349d-4\" ><div id=\"pgc-w6371b9b3b349d-4-0\"  class=\"panel-grid-cell\" ><div id=\"panel-w6371b9b3b349d-4-0-0\" class=\"so-panel widget widget_media_image panel-first-child panel-last-child\" data-index=\"7\" ><img loading=\"lazy\" decoding=\"async\" width=\"400\" height=\"400\" src=\"https:\/\/lawfirmelite.com\/vi\/wp-content\/uploads\/2022\/11\/hyqyytUN_400x400-1.png\" class=\"image wp-image-6242  attachment-full size-full\" alt=\"\" style=\"max-width: 100%; height: auto;\" \/><\/div><\/div><div id=\"pgc-w6371b9b3b349d-4-1\"  class=\"panel-grid-cell\" ><div id=\"panel-w6371b9b3b349d-4-1-0\" class=\"so-panel widget widget_black-studio-tinymce widget_black_studio_tinymce panel-first-child panel-last-child\" data-index=\"8\" ><div class=\"textwidget\"><p><span style=\"color: #891d1f;\"><strong>RANKING AS NOTABLE FIRM OF 2022 BY IP STAR<\/strong><\/span><\/p>\n<\/div><\/div><\/div><\/div><\/div><\/div><\/div><\/div><\/div><\/div><\/div><div id=\"pg-297-5\"  class=\"panel-grid panel-has-style\" ><div class=\"khachhang panel-row-style panel-row-style-for-297-5\" ><div id=\"pgc-297-5-0\"  class=\"panel-grid-cell\" ><div id=\"panel-297-5-0-0\" class=\"so-panel widget widget_black-studio-tinymce widget_black_studio_tinymce panel-first-child panel-last-child\" data-index=\"5\" ><div class=\"widget-title\"><span>Our Clients<\/span><\/div><div class=\"textwidget\"><p><img loading=\"lazy\" decoding=\"async\" class=\"alignnone size-full wp-image-5630\" src=\"https:\/\/lawfirmelite.com\/vi\/wp-content\/uploads\/2022\/09\/3_Cay-Logo.png\" alt=\"\" width=\"1920\" height=\"1080\" srcset=\"https:\/\/lawfirmelite.com\/vi\/wp-content\/uploads\/2022\/09\/3_Cay-Logo.png 1920w, https:\/\/lawfirmelite.com\/vi\/wp-content\/uploads\/2022\/09\/3_Cay-Logo-768x432.png 768w, https:\/\/lawfirmelite.com\/vi\/wp-content\/uploads\/2022\/09\/3_Cay-Logo-1536x864.png 1536w\" sizes=\"(max-width: 1920px) 100vw, 1920px\" \/><\/p>\n<\/div><\/div><\/div><\/div><\/div><\/div>","protected":false},"excerpt":{"rendered":"<p>About usOUR VISION, MISSIONS, CORE VALUES Our goal is to become the leading law firm in Vietnam in resolving IP rights infringement.\u00a0We were born to assist our esteemed Clients in Doing Success Business by Registering their Intellectual property rights Securely and Resolving IP Rights disputes Quickly based on our 06 core Values: Integrity, Empathy, Responsibility, Carefulness, Determination and Learning \u2013 [&hellip;]<\/p>\n","protected":false},"author":1,"featured_media":0,"parent":0,"menu_order":30,"comment_status":"closed","ping_status":"closed","template":"page-template-gioithieu.php","meta":{"_monsterinsights_skip_tracking":false,"_monsterinsights_sitenote_active":false,"_monsterinsights_sitenote_note":"","_monsterinsights_sitenote_category":0,"footnotes":""},"class_list":["post-297","page","type-page","status-publish","hentry"],"_links":{"self":[{"href":"https:\/\/lawfirmelite.com\/vi\/wp-json\/wp\/v2\/pages\/297"}],"collection":[{"href":"https:\/\/lawfirmelite.com\/vi\/wp-json\/wp\/v2\/pages"}],"about":[{"href":"https:\/\/lawfirmelite.com\/vi\/wp-json\/wp\/v2\/types\/page"}],"author":[{"embeddable":true,"href":"https:\/\/lawfirmelite.com\/vi\/wp-json\/wp\/v2\/users\/1"}],"replies":[{"embeddable":true,"href":"https:\/\/lawfirmelite.com\/vi\/wp-json\/wp\/v2\/comments?post=297"}],"version-history":[{"count":6,"href":"https:\/\/lawfirmelite.com\/vi\/wp-json\/wp\/v2\/pages\/297\/revisions"}],"predecessor-version":[{"id":8835,"href":"https:\/\/lawfirmelite.com\/vi\/wp-json\/wp\/v2\/pages\/297\/revisions\/8835"}],"wp:attachment":[{"href":"https:\/\/lawfirmelite.com\/vi\/wp-json\/wp\/v2\/media?parent=297"}],"curies":[{"name":"wp","href":"https:\/\/api.w.org\/{rel}","templated":true}]}}