{"id":3535,"date":"2021-09-18T14:47:39","date_gmt":"2021-09-18T14:47:39","guid":{"rendered":"https:\/\/lawfirmelite.com\/vi?page_id=3535"},"modified":"2021-09-20T08:30:50","modified_gmt":"2021-09-20T08:30:50","slug":"chu-shop-online-can-bao-ve-tai-san-quan-trong-nhat-cua-minh-ngay-hom-nay","status":"publish","type":"page","link":"https:\/\/lawfirmelite.com\/vi\/chu-shop-online-can-bao-ve-tai-san-quan-trong-nhat-cua-minh-ngay-hom-nay\/","title":{"rendered":"Ch\u1ee7 Shop online c\u1ea7n b\u1ea3o v\u1ec7 T\u00e0i s\u1ea3n quan tr\u1ecdng nh\u1ea5t c\u1ee7a m\u00ecnh ngay h\u00f4m nay!"},"content":{"rendered":"<p style=\"text-align: justify;\"><em>K\u00ednh g\u1eedi Qu\u00fd Anh\/Ch\u1ecb Ch\u1ee7 Shop online,<\/em><\/p>\n<p>Ch\u00fang t\u00f4i l\u00e0 C\u00f4ng ty Lu\u1eadt ELITE (ELITE LAW FIRM)- chuy\u00ean gia v\u1ec1 b\u1ea3o h\u1ed9 th\u01b0\u01a1ng hi\u1ec7u v\u00e0 s\u1edf h\u1eefu tr\u00ed tu\u1ec7- xin g\u1eedi t\u1edbi Qu\u00fd Anh\/Ch\u1ecb l\u1eddi ch\u00e0o tr\u00e2n tr\u1ecdng!<\/p>\n<p>Qua nhi\u1ec1u k\u00eanh th\u00f4ng tin, ch\u00fang t\u00f4i bi\u1ebft t\u00ean Shop online c\u1ee7a Qu\u00fd Anh\/Ch\u1ecb l\u00e0 m\u1ed9t k\u00eanh k\u00eanh b\u00e1n h\u00e0ng c\u0169ng nh\u01b0 cung c\u1ea5p d\u1ecbch v\u1ee5 kh\u00e1 n\u1ed5i ti\u1ebfng.<\/p>\n<p>Ch\u00fang t\u00f4i hi\u1ec3u r\u1eb1ng, \u0111\u1ec3 c\u00f3 \u0111\u01b0\u1ee3c Th\u01b0\u01a1ng hi\u1ec7u v\u1edbi l\u01b0\u1ee3ng kh\u00e1ch h\u00e0ng theo d\u00f5i l\u1edbn, c\u00f3 uy t\u00edn v\u00e0 doanh thu t\u1ed1t nh\u01b0 ng\u00e0y nay, Qu\u00fd Anh\/Ch\u1ecb \u0111\u00e3 ph\u1ea3i \u0111\u1ea7u t\u01b0 r\u1ea5t nhi\u1ec1u th\u1eddi gian, c\u00f4ng s\u1ee9c v\u00e0 chi ph\u00ed cho vi\u1ec7c g\u00e2y d\u1ef1ng t\u00ean tu\u1ed5i c\u1ee7a Shop. \u0110\u00e2y l\u00e0 th\u00e0nh qu\u1ea3 c\u1ee7a qu\u00e1 tr\u00ecnh \u0111\u1ea7u t\u01b0 c\u1ee7a Qu\u00fd Anh\/Ch\u1ecb.<\/p>\n<p>Tuy nhi\u00ean, ch\u00fang t\u00f4i l\u1ea5y l\u00e0m lo ng\u1ea1i b\u1edfi Qu\u00fd anh\/ch\u1ecb v\u1eabn ch\u01b0a \u0111\u0103ng k\u00fd b\u1ea3o h\u1ed9 Th\u01b0\u01a1ng hi\u1ec7u\/Nh\u00e3n hi\u1ec7u \u0111\u1ed9c quy\u1ec1n t\u1ea1i C\u1ee5c S\u1edf h\u1eefu tr\u00ed tu\u1ec7 Vi\u1ec7t Nam.<\/p>\n<p>&nbsp;<\/p>\n<p><strong>\u0110i\u1ec1u n\u00e0y s\u1ebd c\u00f3 r\u1ee7i ro<\/strong><strong> v\u00e0 b\u1ea5t an<\/strong><strong> g\u00ec?<\/strong><\/p>\n<p>-N\u1ebfu kh\u00f4ng \u0111\u0103ng k\u00fd th\u01b0\u01a1ng hi\u1ec7u \u0111\u1ed9c quy\u1ec1n, b\u1ea5t k\u1ef3 l\u00fac n\u00e0o qu\u00fd Anh\/ch\u1ecb c\u0169ng <strong><em>c\u00f3 th\u1ec3 b\u1ecb k\u1ebb kh\u00e1c m\u1ea1o danh, \u0111\u00e1nh c\u1eafp t\u00ean tu\u1ed5i c\u1ee7a m\u00ecnh ho\u1eb7c m\u1ea5t t\u00ean<\/em><\/strong> <strong><em>Shop<\/em><\/strong> v\u00e0o tay \u0111\u1ed1i th\u1ee7 n\u1ebfu h\u1ecd nhanh tay \u0111\u0103ng k\u00fd b\u1ea3o h\u1ed9 th\u01b0\u01a1ng hi\u1ec7u n\u00e0y tr\u01b0\u1edbc Qu\u00fd Anh\/ch\u1ecb. \u0110i\u1ec1u n\u00e0y kh\u00f4ng n\u00f3i c\u0169ng r\u00f5, thi\u1ec7t h\u1ea1i kh\u00f4ng th\u1ec3 \u0111o \u0111\u1ebfm \u0111\u01b0\u1ee3c.<\/p>\n<p>&#8211; N\u1ebfu \u0111\u1ed1i th\u1ee7 c\u1ea1nh tranh ho\u1eb7c m\u1ed9t b\u00ean th\u1ee9 ba l\u1ea5y T\u00ean Shop v\u00e0 \u0111i \u0111\u0103ng k\u00fd b\u1ea3o h\u1ed9 th\u01b0\u01a1ng hi\u1ec7u, h\u1ecd s\u1ebd c\u00f3 quy\u1ec1n s\u1edf h\u1eefu t\u00ean \u0111\u00f3 m\u1ed9t c\u00e1ch h\u1ee3p ph\u00e1p. \u0110\u1ed3ng th\u1eddi\u00a0h\u1ecd c\u00f3 quy\u1ec1n g\u1eedi Th\u01b0 y\u00eau c\u1ea7u facebook can thi\u1ec7p, \u0111\u00f3ng trang facebook m\u00e0 Qu\u00fd Anh\/Ch\u1ecb \u0111ang kinh doanh v\u00ec l\u00fd do Qu\u00fd Anh\/Ch\u1ecb \u0111\u00e3 x\u00e2m ph\u1ea1m ho\u1eb7c s\u1eed d\u1ee5ng tr\u00e1i ph\u00e9p Th\u01b0\u01a1ng hi\u1ec7u c\u1ee7a h\u1ecd.<\/p>\n<p>&#8211; Vi\u1ec7c b\u1ea3o h\u1ed9 th\u01b0\u01a1ng hi\u1ec7u kh\u00f4ng ch\u1ec9 tr\u00e1nh \u0111\u01b0\u1ee3c r\u1ee7i ro tr\u00ean m\u00e0 c\u00f2n khi\u1ebfn qu\u00fd Anh\/ch\u1ecb y\u00ean t\u00e2m trong vi\u1ec7c ph\u00e1t tri\u1ec3n, x\u00e2y d\u1ef1ng Th\u01b0\u01a1ng hi\u1ec7u c\u1ee7a m\u00ecnh. \u0110\u00e2y c\u0169ng l\u00e0 \u0111i\u1ec1u ki\u1ec7n ti\u00ean quy\u1ebft theo quy \u0111\u1ecbnh c\u1ee7a ph\u00e1p lu\u1eadt.<\/p>\n<p>&nbsp;<\/p>\n<p><strong>\u0110\u1ec3 tr\u00e1nh r\u1ee7i ro<\/strong><strong> v\u00e0 b\u1ea5t an<\/strong><strong> tr\u00ean, Qu\u00fd Anh\/ch\u1ecb n\u00ean l\u00e0m g\u00ec?<\/strong><\/p>\n<ul>\n<li>Th\u1ef1c hi\u1ec7n ngay th\u1ee7 t\u1ee5c <strong>n\u1ed9p \u0111\u01a1n tr\u01b0\u1edbc<\/strong>, b\u1edfi ng\u01b0\u1eddi n\u00e0o n\u1ed9p \u0111\u01a1n \u0111\u0103ng k\u00fd tr\u01b0\u1edbc, ng\u01b0\u1eddi \u0111\u00f3 s\u1ebd \u0111\u01b0\u1ee3c h\u01b0\u1edfng quy\u1ec1n b\u1ea3o h\u1ed9 tr\u01b0\u1edbc (gi\u1ed1ng nh\u01b0 vi\u1ec7c x\u1ebfp h\u00e0ng \u0111\u1eb7t ch\u1ed7 v\u1eady). Sau khi Qu\u00fd Anh\/ch\u1ecb n\u1ed9p \u0111\u01a1n, nh\u1eefng ng\u01b0\u1eddi n\u1ed9p \u0111\u01a1n sau c\u00f3 t\u00ean tr\u00f9ng s\u1ebd kh\u00f4ng \u0111\u01b0\u1ee3c x\u00e9t b\u1ea3o h\u1ed9.<\/li>\n<li>Sau khi n\u1ed9p \u0111\u01a1n, Qu\u00fd Anh ch\u1ecb s\u1ebd ch\u1edd \u0111\u1ee3i \u0111\u1ec3 \u0111\u01b0\u1ee3c c\u1ea5p <strong>V\u0103n b\u1eb1ng b\u1ea3o h\u1ed9 Th\u01b0\u01a1ng hi\u1ec7u. <\/strong>Khi c\u00f3 V\u0103n b\u1eb1ng b\u1ea3o h\u1ed9, m\u1ecdi h\u00e0nh vi gi\u1ea3 m\u1ea1o th\u01b0\u01a1ng hi\u1ec7u c\u1ee7a Qu\u00fd Anh\/ch\u1ecb s\u1ebd b\u1ecb x\u1eed l\u00fd. Ngo\u00e0i ra, c\u00f3 V\u0103n b\u1eb1ng b\u1ea3o h\u1ed9 Qu\u00fd Anh\/ch\u1ecb c\u00f3 c\u01a1 s\u1edf \u0111\u1ec3 x\u00e2y d\u1ef1ng chu\u1ed7i c\u1eeda h\u00e0ng, th\u1eadm ch\u00ed cho b\u00ean th\u1ee9 ba <strong>thu\u00ea<\/strong> <strong>Th\u01b0\u01a1ng hi\u1ec7u <\/strong>ho\u1eb7c <strong>Chuy\u1ec3n nh\u01b0\u1ee3ng th\u01b0\u01a1ng hi\u1ec7u <\/strong>m\u1ed9t c\u00e1ch thu\u1eadn ti\u1ec7n v\u00e0 hi\u1ec7u qu\u1ea3 cao.<\/li>\n<\/ul>\n<p>Trong m\u00f4i tr\u01b0\u1eddng kinh doanh hi\u1ec7n nay, khi\u00a0c\u00e1c h\u00e0nh vi x\u00e2m ph\u1ea1m, \u0111\u00e1nh c\u1eafp th\u01b0\u01a1ng hi\u1ec7u\u00a0\u0111ang di\u1ec5n ra r\u1ea5t ph\u1ed5 bi\u1ebfn v\u00e0 d\u1ec5 d\u00e0ng, \u0111\u1eb7c bi\u1ec7t l\u00e0 tr\u00ean m\u00f4i tr\u01b0\u1eddng kinh doanh tr\u1ef1c tuy\u1ebfn\/online, vi\u1ec7c \u0111\u0103ng k\u00fd b\u1ea3o h\u1ed9 Th\u01b0\u01a1ng hi\u1ec7u \u0111\u1ec3 b\u1ea3o v\u1ec7 t\u00ean tu\u1ed5i, uy t\u00edn c\u1ee7a m\u00ecnh v\u00e0 \u0111\u1ec3 x\u1eed l\u00fd h\u00e0ng gi\u1ea3, h\u00e0ng nh\u00e1i c\u00e0ng tr\u1edf n\u00ean quan tr\u1ecdng h\u01a1n bao gi\u1edd h\u1ebft.\u00a0Nh\u1eefng b\u00e0i h\u1ecdc \u0111\u1eaft gi\u00e1 v\u1ec1 v\u1ee5 vi\u1ec7c <strong>m\u1ea5t th\u01b0\u01a1ng hi\u1ec7u c\u1ee7a<\/strong> <strong>h\u00e3ng <\/strong><strong>C\u00e0 ph\u00ea Trung Nguy\u00ean<\/strong> do ch\u1ee7 quan kh\u00f4ng \u0111\u0103ng k\u00fd b\u1ea3o h\u1ed9 l\u00e0 minh ch\u1ee9ng \u0111au x\u00f3t.<\/p>\n<p>Th\u1ea5u hi\u1ec3u\u00a0v\u1ec1 nguy c\u01a1 c\u1ee7a n\u1ed7i \u0111au v\u1ec1 m\u1ea5t Th\u01b0\u01a1ng hi\u1ec7u\u00a0\u0111\u00f3, v\u1edbi kinh nghi\u1ec7m v\u00e0 chuy\u00ean m\u00f4n cao v\u1ec1 \u0111\u0103ng k\u00fd b\u1ea3o h\u1ed9\u00a0Th\u01b0\u01a1ng hi\u1ec7u v\u00e0\u00a0quy\u1ec1n S\u1edf h\u1eefu tr\u00ed tu\u1ec7,\u00a0C\u00f4ng ty\u00a0Lu\u1eadt\u00a0ELITE\u00a0mu\u1ed1n\u00a0chia s\u1ebb th\u00f4ng \u0111i\u1ec7p n\u00eau tr\u00ean v\u00e0 s\u1eb5n l\u00f2ng h\u1ed7 tr\u1ee3, gi\u00fap Qu\u00fd Anh\/Ch\u1ecb\u00a0trong vi\u1ec7c\u00a0<strong>\u0111\u0103ng k\u00fd\u00a0<\/strong><strong>b\u1ea3o h\u1ed9<\/strong><strong>\u00a0cho<\/strong><strong>\u00a0T\u00ean Shop online<\/strong>\u00a0<strong>ngay ng\u00e0y h\u00f4m nay<\/strong><strong>\u00a0\u0111\u1ec3 tr\u00e1nh nguy c\u01a1 b\u1ecb m\u1ea5t Th\u01b0\u01a1ng hi\u1ec7u<\/strong>.<\/p>\n<p>Ch\u00fang t\u00f4i g\u1eedi k\u00e8m theo \u0111\u00e2y: (i) H\u01b0\u1edbng d\u1eabn \u0110\u0103ng k\u00fd Nh\u00e3n hi\u1ec7u v\u00e0 (ii) M\u1eabu gi\u1ea5y \u1ee7y quy\u1ec1n \u0111\u1ec3 Qu\u00fd\u00a0Anh\/Ch\u1ecb\u00a0c\u00f3 th\u00f4ng tin tham kh\u1ea3o.\u00a0\u0110\u1ec3 c\u00f3 th\u00eam th\u00f4ng tin, Anh\/Ch\u1ecb vui l\u00f2ng xem Video t\u1ea1i K\u00eanh Youtube c\u1ee7a ch\u00fang t\u00f4i theo \u0111\u01b0\u1eddng link:\u00a0<a href=\"https:\/\/www.youtube.com\/watch?v=Qa3KNaevqtM&amp;t=40s\">https:\/\/www.youtube.com\/watch?v=Qa3KNaevqtM&amp;t=40s<\/a>\u00a0<\/p>\n<p>Tr\u01b0\u1eddng h\u1ee3p c\u1ea7n trao \u0111\u1ed5i v\u00e0 t\u01b0 v\u1ea5n th\u00eam, Qu\u00fd Kh\u00e1ch h\u00e0ng vui l\u00f2ng li\u00ean h\u1ec7 v\u1edbi ch\u00fang t\u00f4i \u0111\u1ec3 nh\u1eadn \u0111\u01b0\u1ee3c s\u1ef1 h\u1ed7 tr\u1ee3 t\u1ed1t nh\u1ea5t qua hotline:\u00a0<strong>024\u00a0<\/strong><strong>\u2013\u00a0<\/strong><strong>3 737 3051 \/ 0988746527<\/strong>.<\/p>\n<p>C\u1ea3m \u01a1n Qu\u00fd Anh\/Ch\u1ecb v\u00ec \u0111\u00e3 d\u00e0nh th\u1eddi gian \u0111\u1ec3 \u0111\u1ecdc b\u1ee9c th\u01b0 n\u00e0y. Ch\u00fang t\u00f4i hy v\u1ecdng s\u1ebd c\u00f3 c\u01a1 h\u1ed9i \u0111\u01b0\u1ee3c h\u1ee3p t\u00e1c v\u1edbi Qu\u00fd Anh\/Ch\u1ecb trong th\u1eddi gian g\u1ea7n nh\u1ea5t.<\/p>\n<p>&nbsp;<\/p>\n<p>Tr\u00e2n tr\u1ecdng,<\/p>\n<p>&nbsp;<\/p>\n<p>Nguy\u1ec5n Tr\u1ea7n Tuy\u00ean<\/p>\n<p>Gi\u00e1m \u0111\u1ed1c, Lu\u1eadt s\u01b0 S\u1edf h\u1eefu tr\u00ed tu\u1ec7<\/p>\n<p style=\"text-align: justify;\"><strong>ELITE LAW FIRM<\/strong><\/p>\n<p>&nbsp;<\/p>\n<p style=\"text-align: justify;\"><strong><em>V\u1ec1 <\/em><\/strong><strong><em>C\u00f4ng ty Lu\u1eadt ELITE (ELITE LAW FIRM)<\/em><\/strong><strong><em>: <\/em><\/strong><\/p>\n<p style=\"text-align: justify;\"><em>C\u00f4ng ty Lu\u1eadt TNHH Elite l\u00e0 m\u1ed9t trong nh\u1eefng \u0111\u01a1n v\u1ecb cung c\u1ea5p c\u00e1c d\u1ecbch v\u1ee5 t\u01b0 v\u1ea5n chuy\u00ean nghi\u1ec7p trong l\u0129nh v\u1ef1c S\u1edf h\u1eefu tr\u00ed tu\u1ec7 t\u1ea1i Vi\u1ec7t Nam, L\u00e0o, Campuchia v\u00e0 Myanmar. K\u1ec3 t\u1eeb khi th\u00e0nh l\u1eadp \u0111\u1ebfn nay, ch\u00fang t\u00f4i t\u1ef1 h\u00e0o l\u00e0 \u0111\u1ea1i di\u1ec7n S\u1edf h\u1eefu c\u00f4ng nghi\u1ec7p \u0111\u00e3 t\u01b0 v\u1ea5n v\u00e0 b\u1ea3o h\u1ed9 th\u00e0nh c\u00f4ng nh\u00e3n hi\u1ec7u cho r\u1ea5t nhi\u1ec1u kh\u00e1ch h\u00e0ng trong v\u00e0 ngo\u00e0i n\u01b0\u1edbc, trong \u0111\u00f3 ph\u1ea3i k\u1ec3 \u0111\u1ebfn nh\u1eefng kh\u00e1ch h\u00e0ng l\u1edbn nh\u01b0 LG CORP. l\u00e0 m\u1ed9t trong 4 T\u1eadp \u0111o\u00e0n \u0111a qu\u1ed1c gia l\u1edbn nh\u1ea5t H\u00e0n Qu\u1ed1c, v\u00e0 c\u00e1c Kh\u00e1ch h\u00e0ng con nh\u01b0: LG Electronics Inc.; LG HOUSEHOLD &amp; HEALTH CARE LTD.; THEFACESHOP CO. LTD.; JOHN WALKER &amp; SONS v\u1edbi c\u00e1c s\u1ea3n ph\u1ea9m r\u01b0\u1ee3u n\u1ed5i ti\u1ebfng JOHNNIE WALKER; VPP H\u1ed2NG H\u00c0; XI M\u0102NG VICEM B\u1ec8M S\u01a0N; TOKYOLIFE; Hello B\u00e1c S\u0129\u2026<\/em><\/p>\n<p style=\"text-align: justify;\"><em>\u0110\u1eb7c bi\u1ec7t, c\u00e1c h\u1ed3 s\u01a1 \u0111\u01a1n do ch\u00fang t\u00f4i t\u01b0 v\u1ea5n v\u00e0 \u0111\u1ea1i di\u1ec7n cho kh\u00e1ch h\u00e0ng th\u1ef1c hi\u1ec7n c\u00f3 t\u1ef7 l\u1ec7 th\u00e0nh c\u00f4ng r\u1ea5t cao, t\u1eeb 90-95% v\u1edbi th\u1eddi h\u1ea1n nhanh ch\u00f3ng theo quy \u0111\u1ecbnh. \u201cMang l\u1ea1i s\u1ef1 th\u00e0nh c\u00f4ng, hi\u1ec7u qu\u1ea3 v\u00e0 an to\u00e0n cho kh\u00e1ch h\u00e0ng\u201d lu\u00f4n l\u00e0 m\u1ee5c ti\u00eau t\u1ed1i th\u01b0\u1ee3ng c\u1ee7a ch\u00fang t\u00f4i khi cung c\u1ea5p c\u00e1c d\u1ecbch v\u1ee5 t\u01b0 v\u1ea5n \u0111\u1ebfn kh\u00e1ch h\u00e0ng<\/em><\/p>\n<p style=\"text-align: justify;\"><strong>\u00a0<\/strong><\/p>\n<p style=\"text-align: justify;\"><strong>ELITE LAW FIRM<\/strong><br \/>\n<em>Attorneys, Patent, Trademark &amp; Copyright Agents<\/em><br \/>\n255 Hoang Van Thai Str., Thanh Xuan Dist., Hanoi, Vietnam<br \/>\nT: (+84-24) 3 7373051<br \/>\nF: (+84-24) 3 7373056<br \/>\nHP: (+84-) 90 4 110 976<br \/>\nE: <a href=\"mailto:info@lawfirmelite.com\/vi\">tuyen@lawfirmelite.com\/vi<\/a><br \/>\nW: <a href=\"http:\/\/www.lawfirmelite.com\/vi\">www.lawfirmelite.com\/vi<\/a><\/p>\n","protected":false},"excerpt":{"rendered":"<p>K\u00ednh g\u1eedi Qu\u00fd Anh\/Ch\u1ecb Ch\u1ee7 Shop online, Ch\u00fang t\u00f4i l\u00e0 C\u00f4ng ty Lu\u1eadt ELITE (ELITE LAW FIRM)- chuy\u00ean gia v\u1ec1 b\u1ea3o h\u1ed9 th\u01b0\u01a1ng hi\u1ec7u v\u00e0 s\u1edf h\u1eefu tr\u00ed tu\u1ec7- xin g\u1eedi t\u1edbi Qu\u00fd Anh\/Ch\u1ecb l\u1eddi ch\u00e0o tr\u00e2n tr\u1ecdng! Qua nhi\u1ec1u k\u00eanh th\u00f4ng tin, ch\u00fang t\u00f4i bi\u1ebft t\u00ean Shop online c\u1ee7a Qu\u00fd Anh\/Ch\u1ecb l\u00e0 m\u1ed9t k\u00eanh k\u00eanh b\u00e1n h\u00e0ng c\u0169ng nh\u01b0 [&hellip;]<\/p>\n","protected":false},"author":1,"featured_media":0,"parent":0,"menu_order":1,"comment_status":"closed","ping_status":"closed","template":"","meta":{"_monsterinsights_skip_tracking":false,"_monsterinsights_sitenote_active":false,"_monsterinsights_sitenote_note":"","_monsterinsights_sitenote_category":0,"footnotes":""},"class_list":["post-3535","page","type-page","status-publish","hentry"],"_links":{"self":[{"href":"https:\/\/lawfirmelite.com\/vi\/wp-json\/wp\/v2\/pages\/3535"}],"collection":[{"href":"https:\/\/lawfirmelite.com\/vi\/wp-json\/wp\/v2\/pages"}],"about":[{"href":"https:\/\/lawfirmelite.com\/vi\/wp-json\/wp\/v2\/types\/page"}],"author":[{"embeddable":true,"href":"https:\/\/lawfirmelite.com\/vi\/wp-json\/wp\/v2\/users\/1"}],"replies":[{"embeddable":true,"href":"https:\/\/lawfirmelite.com\/vi\/wp-json\/wp\/v2\/comments?post=3535"}],"version-history":[{"count":5,"href":"https:\/\/lawfirmelite.com\/vi\/wp-json\/wp\/v2\/pages\/3535\/revisions"}],"predecessor-version":[{"id":3558,"href":"https:\/\/lawfirmelite.com\/vi\/wp-json\/wp\/v2\/pages\/3535\/revisions\/3558"}],"wp:attachment":[{"href":"https:\/\/lawfirmelite.com\/vi\/wp-json\/wp\/v2\/media?parent=3535"}],"curies":[{"name":"wp","href":"https:\/\/api.w.org\/{rel}","templated":true}]}}