{"id":7532,"date":"2023-06-12T09:33:13","date_gmt":"2023-06-12T02:33:13","guid":{"rendered":"https:\/\/lawfirmelite.com\/vi\/?page_id=7532"},"modified":"2023-06-12T10:08:21","modified_gmt":"2023-06-12T03:08:21","slug":"bi-quyet-kieu-dang-cong-nghiep-2023","status":"publish","type":"page","link":"https:\/\/lawfirmelite.com\/vi\/bi-quyet-kieu-dang-cong-nghiep-2023\/","title":{"rendered":"B\u00ed Quy\u1ebft Ki\u1ec3u D\u00e1ng C\u00f4ng Nghi\u1ec7p 2023"},"content":{"rendered":"<div id=\"pl-7532\"  class=\"panel-layout\" ><div id=\"pg-7532-0\"  class=\"panel-grid panel-no-style\" ><div id=\"pgc-7532-0-0\"  class=\"panel-grid-cell\" ><div id=\"panel-7532-0-0-0\" class=\"so-panel widget widget_black-studio-tinymce widget_black_studio_tinymce panel-first-child\" data-index=\"0\" ><div class=\"textwidget\"><p><img loading=\"lazy\" decoding=\"async\" class=\"aligncenter size-full wp-image-7541\" src=\"https:\/\/lawfirmelite.com\/vi\/wp-content\/uploads\/2023\/06\/Form-download.png\" alt=\"\" width=\"1280\" height=\"720\" srcset=\"https:\/\/lawfirmelite.com\/vi\/wp-content\/uploads\/2023\/06\/Form-download.png 1280w, https:\/\/lawfirmelite.com\/vi\/wp-content\/uploads\/2023\/06\/Form-download-768x432.png 768w\" sizes=\"(max-width: 1280px) 100vw, 1280px\" \/><\/p>\n<h1>B\u00cd QUY\u1ebeT KI\u1ec2U D\u00c1NG C\u00d4NG NGHI\u1ec6P \u0110\u1ed8C QUY\u1ec0N<\/h1>\n<p><em>Qu\u00fd kh\u00e1ch h\u00e0ng vui l\u00f2ng \u0111i\u1ec1n th\u00f4ng tin \u0111\u1ec3 nh\u1eadn ngay tr\u1ecdn b\u1ed9 B\u00ed quy\u1ebft \u0111\u0103ng k\u00fd ki\u1ec3u d\u00e1ng c\u00f4ng nghi\u1ec7p th\u00e0nh c\u00f4ng, nhanh ch\u00f3ng t\u1ea1i Vi\u1ec7t Nam v\u00e0 danh s\u00e1ch Top 20 Doanh nghi\u1ec7p Vi\u1ec7t Nam \u0111\u0103ng k\u00fd nhi\u1ec1u KDCN nh\u1ea5t n\u0103m 2022, c\u00f9ng nhi\u1ec1u t\u00e0i li\u1ec7u \u0111\u1ed9c quy\u1ec1n kh\u00e1c.<\/em><\/p>\n<\/div><\/div><div id=\"panel-7532-0-0-1\" class=\"so-panel widget widget_black-studio-tinymce widget_black_studio_tinymce panel-last-child\" data-index=\"1\" ><div class=\"textwidget\"><p>\n<div class=\"wpcf7 no-js\" id=\"wpcf7-f7533-o1\" lang=\"vi\" dir=\"ltr\">\n<div class=\"screen-reader-response\"><p role=\"status\" aria-live=\"polite\" aria-atomic=\"true\"><\/p> <ul><\/ul><\/div>\n<form action=\"\/vi\/wp-json\/wp\/v2\/pages\/7532#wpcf7-f7533-o1\" method=\"post\" class=\"wpcf7-form init\" aria-label=\"Form li\u00ean h\u1ec7\" novalidate=\"novalidate\" data-status=\"init\">\n<div style=\"display: none;\">\n<input type=\"hidden\" name=\"_wpcf7\" value=\"7533\" \/>\n<input type=\"hidden\" name=\"_wpcf7_version\" value=\"5.9.7\" \/>\n<input type=\"hidden\" name=\"_wpcf7_locale\" value=\"vi\" \/>\n<input type=\"hidden\" name=\"_wpcf7_unit_tag\" value=\"wpcf7-f7533-o1\" \/>\n<input type=\"hidden\" name=\"_wpcf7_container_post\" value=\"0\" \/>\n<input type=\"hidden\" name=\"_wpcf7_posted_data_hash\" value=\"\" \/>\n<input type=\"hidden\" name=\"_wpcf7_recaptcha_response\" value=\"\" \/>\n<\/div>\n<div class=\"list_group\">\n\t<p><span class=\"wpcf7-form-control-wrap\" data-name=\"your-name\"><input size=\"40\" maxlength=\"400\" class=\"wpcf7-form-control wpcf7-text wpcf7-validates-as-required\" aria-required=\"true\" aria-invalid=\"false\" placeholder=\"H\u1ecd v\u00e0 t\u00ean *\" value=\"\" type=\"text\" name=\"your-name\" \/><\/span>\n\t<\/p>\n<\/div>\n<div class=\"list_group\">\n\t<p><span class=\"wpcf7-form-control-wrap\" data-name=\"your-email\"><input size=\"40\" maxlength=\"400\" class=\"wpcf7-form-control wpcf7-email wpcf7-validates-as-required wpcf7-text wpcf7-validates-as-email\" aria-required=\"true\" aria-invalid=\"false\" placeholder=\"Email *\" value=\"\" type=\"email\" name=\"your-email\" \/><\/span>\n\t<\/p>\n<\/div>\n<div class=\"list_group\">\n\t<p><span class=\"wpcf7-form-control-wrap\" data-name=\"sdtkhach\"><input size=\"40\" maxlength=\"400\" class=\"wpcf7-form-control wpcf7-tel wpcf7-text wpcf7-validates-as-tel\" aria-invalid=\"false\" placeholder=\"S\u1ed1 \u0111i\u1ec7n tho\u1ea1i (kh\u00f4ng b\u1eaft bu\u1ed9c)\" value=\"\" type=\"tel\" name=\"sdtkhach\" \/><\/span>\n\t<\/p>\n<\/div>\n<div class=\"list_group\">\n\t<p><span class=\"wpcf7-form-control-wrap\" data-name=\"text-92\"><input size=\"40\" maxlength=\"400\" class=\"wpcf7-form-control wpcf7-text link_tai\" aria-invalid=\"false\" value=\"\" type=\"text\" name=\"text-92\" \/><\/span><input class=\"wpcf7-form-control wpcf7-submit has-spinner\" type=\"submit\" value=\"L\u1ea5y b\u00ed quy\u1ebft ngay\" \/>\n\t<\/p>\n<\/div><div class=\"wpcf7-response-output\" aria-hidden=\"true\"><\/div>\n<\/form>\n<\/div>\n<\/p>\n<\/div><\/div><\/div><\/div><\/div>","protected":false},"excerpt":{"rendered":"<p>B\u00cd QUY\u1ebeT KI\u1ec2U D\u00c1NG C\u00d4NG NGHI\u1ec6P \u0110\u1ed8C QUY\u1ec0N Qu\u00fd kh\u00e1ch h\u00e0ng vui l\u00f2ng \u0111i\u1ec1n th\u00f4ng tin \u0111\u1ec3 nh\u1eadn ngay tr\u1ecdn b\u1ed9 B\u00ed quy\u1ebft \u0111\u0103ng k\u00fd ki\u1ec3u d\u00e1ng c\u00f4ng nghi\u1ec7p th\u00e0nh c\u00f4ng, nhanh ch\u00f3ng t\u1ea1i Vi\u1ec7t Nam v\u00e0 danh s\u00e1ch Top 20 Doanh nghi\u1ec7p Vi\u1ec7t Nam \u0111\u0103ng k\u00fd nhi\u1ec1u KDCN nh\u1ea5t n\u0103m 2022, c\u00f9ng nhi\u1ec1u t\u00e0i li\u1ec7u \u0111\u1ed9c quy\u1ec1n kh\u00e1c.<\/p>\n","protected":false},"author":1,"featured_media":0,"parent":0,"menu_order":32,"comment_status":"closed","ping_status":"closed","template":"page-template-lienhe.php","meta":{"_monsterinsights_skip_tracking":false,"_monsterinsights_sitenote_active":false,"_monsterinsights_sitenote_note":"","_monsterinsights_sitenote_category":0,"footnotes":""},"class_list":["post-7532","page","type-page","status-publish","hentry"],"_links":{"self":[{"href":"https:\/\/lawfirmelite.com\/vi\/wp-json\/wp\/v2\/pages\/7532"}],"collection":[{"href":"https:\/\/lawfirmelite.com\/vi\/wp-json\/wp\/v2\/pages"}],"about":[{"href":"https:\/\/lawfirmelite.com\/vi\/wp-json\/wp\/v2\/types\/page"}],"author":[{"embeddable":true,"href":"https:\/\/lawfirmelite.com\/vi\/wp-json\/wp\/v2\/users\/1"}],"replies":[{"embeddable":true,"href":"https:\/\/lawfirmelite.com\/vi\/wp-json\/wp\/v2\/comments?post=7532"}],"version-history":[{"count":5,"href":"https:\/\/lawfirmelite.com\/vi\/wp-json\/wp\/v2\/pages\/7532\/revisions"}],"predecessor-version":[{"id":7543,"href":"https:\/\/lawfirmelite.com\/vi\/wp-json\/wp\/v2\/pages\/7532\/revisions\/7543"}],"wp:attachment":[{"href":"https:\/\/lawfirmelite.com\/vi\/wp-json\/wp\/v2\/media?parent=7532"}],"curies":[{"name":"wp","href":"https:\/\/api.w.org\/{rel}","templated":true}]}}