{"id":83,"date":"2018-05-09T07:05:57","date_gmt":"2018-05-09T07:05:57","guid":{"rendered":"http:\/\/elite.crv.vn\/?page_id=83"},"modified":"2023-06-27T14:18:26","modified_gmt":"2023-06-27T07:18:26","slug":"hoi-dap-shtt","status":"publish","type":"page","link":"https:\/\/lawfirmelite.com\/vi\/hoi-dap-shtt\/","title":{"rendered":"H\u1ecfi \u0111\u00e1p"},"content":{"rendered":"<div id=\"pl-83\"  class=\"panel-layout\" ><div id=\"pg-83-0\"  class=\"panel-grid panel-no-style\" ><div id=\"pgc-83-0-0\"  class=\"panel-grid-cell\" ><div id=\"panel-83-0-0-0\" class=\"so-panel widget widget_black-studio-tinymce widget_black_studio_tinymce panel-first-child panel-last-child\" data-index=\"0\" ><div class=\"textwidget\"><p><img loading=\"lazy\" decoding=\"async\" class=\"alignnone wp-image-6424 size-full\" src=\"https:\/\/lawfirmelite.com\/vi\/wp-content\/uploads\/2022\/12\/banner-QA-new.png\" alt=\"\" width=\"1600\" height=\"500\" srcset=\"https:\/\/lawfirmelite.com\/vi\/wp-content\/uploads\/2022\/12\/banner-QA-new.png 1600w, https:\/\/lawfirmelite.com\/vi\/wp-content\/uploads\/2022\/12\/banner-QA-new-768x240.png 768w, https:\/\/lawfirmelite.com\/vi\/wp-content\/uploads\/2022\/12\/banner-QA-new-1536x480.png 1536w\" sizes=\"(max-width: 1600px) 100vw, 1600px\" \/><\/p>\n<p><span style=\"font-size: 20px;\">B\u1ea1n \u0111ang \u1edf chuy\u00ean m\u1ee5c <span style=\"color: #f57a21;\"><strong>\u201cH\u1ecfi \u0111\u00e1p S\u1edf h\u1eefu tr\u00ed tu\u1ec7\u201d<\/strong><\/span> c\u00f4ng ty Lu\u1eadt ELITE (ELITE LAW FIRM). V\u1edbi \u0111\u1ed9i ng\u0169 lu\u1eadt s\u01b0 v\u00e0 chuy\u00ean vi\u00ean c\u00f3 ki\u1ebfn th\u1ee9c chuy\u00ean s\u00e2u v\u00e0 b\u1ec1 d\u00e0y kinh nghi\u1ec7m trong l\u0129nh v\u1ef1c S\u1edf h\u1eefu tr\u00ed tu\u1ec7, ch\u00fang t\u00f4i r\u1ea5t h\u00e2n h\u1ea1nh \u0111\u01b0\u1ee3c ti\u1ebfp nh\u1eadn v\u00e0 t\u01b0 v\u1ea5n ph\u00e1p lu\u1eadt mi\u1ec5n ph\u00ed qua email ho\u1eb7c \u0111i\u1ec7n tho\u1ea1i \u0111\u1ed1i v\u1edbi nh\u1eefng v\u01b0\u1edbng m\u1eafc ph\u00e1p l\u00fd m\u00e0 Qu\u00fd kh\u00e1ch \u0111ang g\u1eb7p ph\u1ea3i.<\/span><\/p>\n<\/div><\/div><\/div><\/div><\/div>","protected":false},"excerpt":{"rendered":"<p>B\u1ea1n \u0111ang \u1edf chuy\u00ean m\u1ee5c \u201cH\u1ecfi \u0111\u00e1p S\u1edf h\u1eefu tr\u00ed tu\u1ec7\u201d c\u00f4ng ty Lu\u1eadt ELITE (ELITE LAW FIRM). V\u1edbi \u0111\u1ed9i ng\u0169 lu\u1eadt s\u01b0 v\u00e0 chuy\u00ean vi\u00ean c\u00f3 ki\u1ebfn th\u1ee9c chuy\u00ean s\u00e2u v\u00e0 b\u1ec1 d\u00e0y kinh nghi\u1ec7m trong l\u0129nh v\u1ef1c S\u1edf h\u1eefu tr\u00ed tu\u1ec7, ch\u00fang t\u00f4i r\u1ea5t h\u00e2n h\u1ea1nh \u0111\u01b0\u1ee3c ti\u1ebfp nh\u1eadn v\u00e0 t\u01b0 v\u1ea5n ph\u00e1p lu\u1eadt mi\u1ec5n ph\u00ed qua email [&hellip;]<\/p>\n","protected":false},"author":1,"featured_media":0,"parent":0,"menu_order":25,"comment_status":"closed","ping_status":"closed","template":"page-template-hoi-dap.php","meta":{"_monsterinsights_skip_tracking":false,"_monsterinsights_sitenote_active":false,"_monsterinsights_sitenote_note":"","_monsterinsights_sitenote_category":0,"footnotes":""},"class_list":["post-83","page","type-page","status-publish","hentry"],"_links":{"self":[{"href":"https:\/\/lawfirmelite.com\/vi\/wp-json\/wp\/v2\/pages\/83"}],"collection":[{"href":"https:\/\/lawfirmelite.com\/vi\/wp-json\/wp\/v2\/pages"}],"about":[{"href":"https:\/\/lawfirmelite.com\/vi\/wp-json\/wp\/v2\/types\/page"}],"author":[{"embeddable":true,"href":"https:\/\/lawfirmelite.com\/vi\/wp-json\/wp\/v2\/users\/1"}],"replies":[{"embeddable":true,"href":"https:\/\/lawfirmelite.com\/vi\/wp-json\/wp\/v2\/comments?post=83"}],"version-history":[{"count":5,"href":"https:\/\/lawfirmelite.com\/vi\/wp-json\/wp\/v2\/pages\/83\/revisions"}],"predecessor-version":[{"id":7992,"href":"https:\/\/lawfirmelite.com\/vi\/wp-json\/wp\/v2\/pages\/83\/revisions\/7992"}],"wp:attachment":[{"href":"https:\/\/lawfirmelite.com\/vi\/wp-json\/wp\/v2\/media?parent=83"}],"curies":[{"name":"wp","href":"https:\/\/api.w.org\/{rel}","templated":true}]}}