{"id":8455,"date":"2023-07-25T18:10:20","date_gmt":"2023-07-25T11:10:20","guid":{"rendered":"https:\/\/lawfirmelite.com\/vi\/?page_id=8455"},"modified":"2023-09-06T16:05:26","modified_gmt":"2023-09-06T09:05:26","slug":"giai-thuong","status":"publish","type":"page","link":"https:\/\/lawfirmelite.com\/vi\/giai-thuong\/","title":{"rendered":"Gi\u1ea3i th\u01b0\u1edfng"},"content":{"rendered":"<div id=\"pl-8455\"  class=\"panel-layout\" ><div id=\"pg-8455-0\"  class=\"panel-grid panel-has-style\" ><div class=\"gioithieuchung panel-row-style panel-row-style-for-8455-0\" ><div id=\"pgc-8455-0-0\"  class=\"panel-grid-cell\" ><div id=\"panel-8455-0-0-0\" class=\"so-panel widget widget_siteorigin-panels-builder panel-first-child panel-last-child\" data-index=\"0\" ><div class=\"container panel-widget-style panel-widget-style-for-8455-0-0-0\" ><div id=\"pl-w64f840d619e7b\"  class=\"panel-layout\" ><div id=\"pg-w64f840d619e7b-0\"  class=\"panel-grid panel-no-style\" ><div id=\"pgc-w64f840d619e7b-0-0\"  class=\"panel-grid-cell\" ><div id=\"panel-w64f840d619e7b-0-0-0\" class=\"so-panel widget widget_black-studio-tinymce widget_black_studio_tinymce panel-first-child panel-last-child\" data-index=\"0\" ><div class=\"text_custom panel-widget-style panel-widget-style-for-w64f840d619e7b-0-0-0\" ><div class=\"textwidget\"><p><img loading=\"lazy\" decoding=\"async\" class=\"aligncenter size-full wp-image-8471\" src=\"https:\/\/lawfirmelite.com\/vi\/wp-content\/uploads\/2023\/09\/Banner-giai-thuong.png\" alt=\"Giai thuong cua Elite\" width=\"3200\" height=\"1000\" \/><\/p>\n<\/div><\/div><\/div><\/div><\/div><\/div><\/div><\/div><\/div><\/div><\/div><div id=\"pg-8455-1\"  class=\"panel-grid panel-has-style\" ><div class=\"thanhtuu panel-row-style panel-row-style-for-8455-1\" ><div id=\"pgc-8455-1-0\"  class=\"panel-grid-cell\" ><div id=\"panel-8455-1-0-0\" class=\"so-panel widget widget_siteorigin-panels-builder panel-first-child panel-last-child\" data-index=\"1\" ><div class=\"container panel-widget-style panel-widget-style-for-8455-1-0-0\" ><div id=\"pl-w64c081db73c29\"  class=\"panel-layout\" ><div id=\"pg-w64c081db73c29-0\"  class=\"panel-grid panel-no-style\" ><div id=\"pgc-w64c081db73c29-0-0\"  class=\"panel-grid-cell\" ><div id=\"panel-w64c081db73c29-0-0-0\" class=\"so-panel widget widget_black-studio-tinymce widget_black_studio_tinymce panel-first-child panel-last-child\" data-index=\"0\" ><div class=\"text_custom panel-widget-style panel-widget-style-for-w64c081db73c29-0-0-0\" ><div class=\"widget-title\"><span>GI\u1ea2I TH\u01af\u1edeNG C\u1ee6A CH\u00daNG T\u00d4I<\/span><\/div><div class=\"textwidget\"><ul>\n<li><span style=\"font-size: 20px;\"><img loading=\"lazy\" decoding=\"async\" class=\"size-full wp-image-4427 alignnone\" src=\"https:\/\/lawfirmelite.com\/vi\/wp-content\/uploads\/2022\/07\/image_thanhtuu.jpg\" alt=\"\" width=\"148\" height=\"131\" \/> C\u00f4ng ty Lu\u1eadt uy t\u00edn h\u00e0ng \u0111\u1ea7u Vi\u1ec7t Nam v\u1ec1 x\u1eed l\u00fd tranh ch\u1ea5p quy\u1ec1n SHTT<\/span><\/li>\n<li><span style=\"font-size: 20px;\"><img loading=\"lazy\" decoding=\"async\" class=\"size-full wp-image-4427 alignnone\" src=\"https:\/\/lawfirmelite.com\/vi\/wp-content\/uploads\/2022\/07\/image_thanhtuu.jpg\" alt=\"\" width=\"148\" height=\"131\" \/> K\u1ec9 ni\u1ec7m ch\u01b0\u01a1ng \u201c V\u00ec s\u1ef1 nghi\u1ec7p ph\u00e1t tri\u1ec3n lu\u1eadt s\u01b0 Vi\u1ec7t Nam\u201d v\u00e0\u201d K\u1ec9 ni\u1ec7m ch\u01b0\u01a1ng b\u1ea3o v\u1ec7 c\u00f4ng l\u00fd\u201d\u00a0<\/span><\/li>\n<li><span style=\"font-size: 20px;\"><img loading=\"lazy\" decoding=\"async\" class=\"alignnone size-full wp-image-4427\" src=\"https:\/\/lawfirmelite.com\/vi\/wp-content\/uploads\/2022\/07\/image_thanhtuu.jpg\" alt=\"\" width=\"148\" height=\"131\" \/> Top 10 \u0111\u1ea1i di\u1ec7n SHCN n\u1ed9p nhi\u1ec1u \u0111\u01a1n Ki\u1ec3u d\u00e1ng c\u00f4ng nghi\u1ec7p nh\u1ea5t Vi\u1ec7t Nam n\u0103m 2015<\/span><\/li>\n<li><span style=\"font-size: 20px;\"><img loading=\"lazy\" decoding=\"async\" class=\"alignnone size-full wp-image-4427\" src=\"https:\/\/lawfirmelite.com\/vi\/wp-content\/uploads\/2022\/07\/image_thanhtuu.jpg\" alt=\"\" width=\"148\" height=\"131\" \/> Top 10 c\u00e1c c\u00f4ng ty lu\u1eadt SHTT uy t\u00edn t\u1ea1i Vi\u1ec7t Nam<\/span><\/li>\n<\/ul>\n<\/div><\/div><\/div><\/div><\/div><div id=\"pg-w64c081db73c29-1\"  class=\"panel-grid panel-has-style\" ><div class=\"thanhtuu_noibat panel-row-style panel-row-style-for-w64c081db73c29-1\" ><div id=\"pgc-w64c081db73c29-1-0\"  class=\"panel-grid-cell\" ><div id=\"panel-w64c081db73c29-1-0-0\" class=\"so-panel widget widget_media_image panel-first-child panel-last-child\" data-index=\"1\" ><img loading=\"lazy\" decoding=\"async\" width=\"392\" height=\"114\" src=\"https:\/\/lawfirmelite.com\/vi\/wp-content\/uploads\/2018\/08\/Web-1.jpg\" class=\"image wp-image-1264  attachment-full size-full\" alt=\"\" style=\"max-width: 100%; height: auto;\" \/><\/div><\/div><div id=\"pgc-w64c081db73c29-1-1\"  class=\"panel-grid-cell\" ><div id=\"panel-w64c081db73c29-1-1-0\" class=\"so-panel widget widget_black-studio-tinymce widget_black_studio_tinymce panel-first-child panel-last-child\" data-index=\"2\" ><div class=\"textwidget\"><p><span style=\"color: #891d1f; font-size: 20px;\"><strong>CH\u00daNG T\u00d4I \u0110\u01af\u1ee2C X\u1ebeP H\u1ea0NG L\u00c0 C\u00d4NG TY LU\u1eacT H\u00c0NG \u0110\u1ea6U VI\u1ec6T NAM V\u1ec0 X\u1eec L\u00dd TRANH CH\u1ea4P SHTT B\u1edeI T\u1ea0P CH\u00cd THE TRADEMARK LAWYER TRONG C\u00c1C N\u0102M 2018, 2019, 2020, 2021, 2022.<\/strong><\/span><\/p>\n<\/div><\/div><\/div><\/div><\/div><div id=\"pg-w64c081db73c29-2\"  class=\"panel-grid panel-has-style\" ><div class=\"thanhtuu_noibat panel-row-style panel-row-style-for-w64c081db73c29-2\" ><div id=\"pgc-w64c081db73c29-2-0\"  class=\"panel-grid-cell\" ><div id=\"panel-w64c081db73c29-2-0-0\" class=\"so-panel widget widget_media_image panel-first-child panel-last-child\" data-index=\"3\" ><img loading=\"lazy\" decoding=\"async\" width=\"2176\" height=\"1552\" src=\"https:\/\/lawfirmelite.com\/vi\/wp-content\/uploads\/2022\/10\/benchmark.png\" class=\"image wp-image-5976  attachment-full size-full\" alt=\"\" style=\"max-width: 100%; height: auto;\" srcset=\"https:\/\/lawfirmelite.com\/vi\/wp-content\/uploads\/2022\/10\/benchmark.png 2176w, https:\/\/lawfirmelite.com\/vi\/wp-content\/uploads\/2022\/10\/benchmark-768x548.png 768w, https:\/\/lawfirmelite.com\/vi\/wp-content\/uploads\/2022\/10\/benchmark-1536x1096.png 1536w, https:\/\/lawfirmelite.com\/vi\/wp-content\/uploads\/2022\/10\/benchmark-2048x1461.png 2048w\" sizes=\"(max-width: 2176px) 100vw, 2176px\" \/><\/div><\/div><div id=\"pgc-w64c081db73c29-2-1\"  class=\"panel-grid-cell\" ><div id=\"panel-w64c081db73c29-2-1-0\" class=\"so-panel widget widget_black-studio-tinymce widget_black_studio_tinymce panel-first-child panel-last-child\" data-index=\"4\" ><div class=\"textwidget\"><p><span style=\"color: #891d1f; font-size: 20px;\"><strong>\u0110\u1ea0T GI\u1ea2I TH\u01af\u1edcNG BENCHMARK ASIA-PACIFICS 2021 - 2022<\/strong><\/span><\/p>\n<\/div><\/div><\/div><\/div><\/div><div id=\"pg-w64c081db73c29-3\"  class=\"panel-grid panel-has-style\" ><div class=\"thanhtuu_noibat panel-row-style panel-row-style-for-w64c081db73c29-3\" ><div id=\"pgc-w64c081db73c29-3-0\"  class=\"panel-grid-cell\" ><div id=\"panel-w64c081db73c29-3-0-0\" class=\"so-panel widget widget_media_image panel-first-child panel-last-child\" data-index=\"5\" ><img loading=\"lazy\" decoding=\"async\" width=\"1061\" height=\"300\" src=\"https:\/\/lawfirmelite.com\/vi\/wp-content\/uploads\/2022\/11\/patent-lawyer-e1668396974233.jpg\" class=\"image wp-image-6249  attachment-full size-full\" alt=\"\" style=\"max-width: 100%; height: auto;\" \/><\/div><\/div><div id=\"pgc-w64c081db73c29-3-1\"  class=\"panel-grid-cell\" ><div id=\"panel-w64c081db73c29-3-1-0\" class=\"so-panel widget widget_black-studio-tinymce widget_black_studio_tinymce panel-first-child panel-last-child\" data-index=\"6\" ><div class=\"textwidget\"><p><span style=\"color: #891d1f; font-size: 20px;\"><strong>TOP 10 C\u00d4NG TY B\u1eb0NG S\u00c1NG CH\u1ebe THEO T\u1ea0P CH\u00cd LU\u1eacT S\u01af S\u00c1NG CH\u1ebe<\/strong><\/span><\/p>\n<\/div><\/div><\/div><\/div><\/div><div id=\"pg-w64c081db73c29-4\"  class=\"panel-grid panel-has-style\" ><div class=\"thanhtuu_noibat panel-row-style panel-row-style-for-w64c081db73c29-4\" ><div id=\"pgc-w64c081db73c29-4-0\"  class=\"panel-grid-cell\" ><div id=\"panel-w64c081db73c29-4-0-0\" class=\"so-panel widget widget_media_image panel-first-child panel-last-child\" data-index=\"7\" ><img loading=\"lazy\" decoding=\"async\" width=\"400\" height=\"400\" src=\"https:\/\/lawfirmelite.com\/vi\/wp-content\/uploads\/2022\/11\/hyqyytUN_400x400-1.png\" class=\"image wp-image-6242  attachment-full size-full\" alt=\"\" style=\"max-width: 100%; height: auto;\" \/><\/div><\/div><div id=\"pgc-w64c081db73c29-4-1\"  class=\"panel-grid-cell\" ><div id=\"panel-w64c081db73c29-4-1-0\" class=\"so-panel widget widget_black-studio-tinymce widget_black_studio_tinymce panel-first-child panel-last-child\" data-index=\"8\" ><div class=\"textwidget\"><p><span style=\"color: #891d1f; font-size: 20px;\"><strong>\u0110\u01af\u1ee2C X\u1ebeP H\u1ea0NG L\u00c0 C\u00d4NG TY LU\u1eacT UY T\u00cdN N\u0102M 2022 B\u1edeI IP STAR<\/strong><\/span><\/p>\n<\/div><\/div><\/div><\/div><\/div><\/div><\/div><\/div><\/div><\/div><\/div><div id=\"pg-8455-2\"  class=\"panel-grid panel-has-style\" ><div class=\"khachhang panel-row-style panel-row-style-for-8455-2\" ><div id=\"pgc-8455-2-0\"  class=\"panel-grid-cell\" ><div id=\"panel-8455-2-0-0\" class=\"so-panel widget widget_black-studio-tinymce widget_black_studio_tinymce panel-first-child panel-last-child\" data-index=\"2\" ><div class=\"widget-title\"><span>KH\u00c1CH H\u00c0NG C\u1ee6A CH\u00daNG T\u00d4I<\/span><\/div><div class=\"textwidget\"><p><img loading=\"lazy\" decoding=\"async\" class=\"alignnone size-full wp-image-5630\" src=\"https:\/\/lawfirmelite.com\/vi\/wp-content\/uploads\/2022\/09\/3_Cay-Logo.png\" alt=\"\" width=\"1920\" height=\"1080\" srcset=\"https:\/\/lawfirmelite.com\/vi\/wp-content\/uploads\/2022\/09\/3_Cay-Logo.png 1920w, https:\/\/lawfirmelite.com\/vi\/wp-content\/uploads\/2022\/09\/3_Cay-Logo-768x432.png 768w, https:\/\/lawfirmelite.com\/vi\/wp-content\/uploads\/2022\/09\/3_Cay-Logo-1536x864.png 1536w\" sizes=\"(max-width: 1920px) 100vw, 1920px\" \/><\/p>\n<\/div><\/div><\/div><\/div><\/div><\/div>","protected":false},"excerpt":{"rendered":"<p>GI\u1ea2I TH\u01af\u1edeNG C\u1ee6A CH\u00daNG T\u00d4I C\u00f4ng ty Lu\u1eadt uy t\u00edn h\u00e0ng \u0111\u1ea7u Vi\u1ec7t Nam v\u1ec1 x\u1eed l\u00fd tranh ch\u1ea5p quy\u1ec1n SHTT K\u1ec9 ni\u1ec7m ch\u01b0\u01a1ng \u201c V\u00ec s\u1ef1 nghi\u1ec7p ph\u00e1t tri\u1ec3n lu\u1eadt s\u01b0 Vi\u1ec7t Nam\u201d v\u00e0\u201d K\u1ec9 ni\u1ec7m ch\u01b0\u01a1ng b\u1ea3o v\u1ec7 c\u00f4ng l\u00fd\u201d\u00a0 Top 10 \u0111\u1ea1i di\u1ec7n SHCN n\u1ed9p nhi\u1ec1u \u0111\u01a1n Ki\u1ec3u d\u00e1ng c\u00f4ng nghi\u1ec7p nh\u1ea5t Vi\u1ec7t Nam n\u0103m 2015 Top [&hellip;]<\/p>\n","protected":false},"author":1,"featured_media":0,"parent":0,"menu_order":30,"comment_status":"closed","ping_status":"closed","template":"page-template-gioithieu.php","meta":{"_monsterinsights_skip_tracking":false,"_monsterinsights_sitenote_active":false,"_monsterinsights_sitenote_note":"","_monsterinsights_sitenote_category":0,"footnotes":""},"class_list":["post-8455","page","type-page","status-publish","hentry"],"_links":{"self":[{"href":"https:\/\/lawfirmelite.com\/vi\/wp-json\/wp\/v2\/pages\/8455"}],"collection":[{"href":"https:\/\/lawfirmelite.com\/vi\/wp-json\/wp\/v2\/pages"}],"about":[{"href":"https:\/\/lawfirmelite.com\/vi\/wp-json\/wp\/v2\/types\/page"}],"author":[{"embeddable":true,"href":"https:\/\/lawfirmelite.com\/vi\/wp-json\/wp\/v2\/users\/1"}],"replies":[{"embeddable":true,"href":"https:\/\/lawfirmelite.com\/vi\/wp-json\/wp\/v2\/comments?post=8455"}],"version-history":[{"count":5,"href":"https:\/\/lawfirmelite.com\/vi\/wp-json\/wp\/v2\/pages\/8455\/revisions"}],"predecessor-version":[{"id":8856,"href":"https:\/\/lawfirmelite.com\/vi\/wp-json\/wp\/v2\/pages\/8455\/revisions\/8856"}],"wp:attachment":[{"href":"https:\/\/lawfirmelite.com\/vi\/wp-json\/wp\/v2\/media?parent=8455"}],"curies":[{"name":"wp","href":"https:\/\/api.w.org\/{rel}","templated":true}]}}